{"id":756,"date":"2025-07-23T10:43:43","date_gmt":"2025-07-23T10:43:43","guid":{"rendered":"https:\/\/apimiel.ch\/confezioni-regalo\/"},"modified":"2025-07-25T10:43:45","modified_gmt":"2025-07-25T10:43:45","slug":"confezioni-regalo","status":"publish","type":"page","link":"https:\/\/apimiel.ch\/fr\/confezioni-regalo\/","title":{"rendered":"Emballages cadeau"},"content":{"rendered":"<h1 style=\"text-align: center;\">Personnalisation<\/h1>\n<p style=\"text-align: center;\">L&#8217;emballage peut contenir, au choix, ces types de miel:<\/p>\n<p style=\"text-align: center;\"><strong>Miele nero<\/strong><\/p>\n<p style=\"text-align: center;\"><strong>Miel de ch\u00e2taignier CH<\/strong><\/p>\n<p style=\"text-align: center;\"><strong>Miel suisse<\/strong><\/p>\n<p style=\"text-align: center;\"><strong>Miel de Valmaggia<\/strong><\/p>\n<p style=\"text-align: center;\"><strong>Miel du Tessin<\/strong><\/p>\n<p style=\"text-align: center;\"><strong>Miel Bio de Val Poschiavo 100%<\/strong><\/p>\n<p>&nbsp;<\/p>\n<p style=\"text-align: center;\">SUR DEMANDE<\/p>\n<p style=\"text-align: center;\"><strong>Miel d&rsquo;acacia CH<\/strong><\/p>\n<p style=\"text-align: center;\"><strong>Miel des Grisons<\/strong><\/p>\n<p style=\"text-align: center;\"><strong>Miel du Jura<\/strong><\/p>\n<p style=\"text-align: center;\">Nous restons \u00e0 votre disposition pour d&rsquo;\u00e9ventuelles requ\u00eates particuli\u00e8res.<\/p>\n<p>&nbsp;<\/p>\n<h1 style=\"text-align: center;\">Conditionnement<\/h1>\n<p style=\"text-align: center;\"><strong>Emballage cadeau contenant 2 pots en verre de 250 g<\/strong><\/p>\n<p style=\"text-align: center;\"><strong>Emballage cadeau contenant 3 pots en verre de 250 g<\/strong><\/p>\n","protected":false},"excerpt":{"rendered":"<p>Personnalisation L&#8217;emballage peut contenir, au choix, ces types de miel: Miele nero Miel de ch\u00e2taignier CH Miel suisse Miel de Valmaggia Miel du Tessin Miel Bio de Val Poschiavo 100% &nbsp; SUR DEMANDE Miel d&rsquo;acacia CH Miel des Grisons Miel du Jura Nous restons \u00e0 votre disposition pour d&rsquo;\u00e9ventuelles requ\u00eates particuli\u00e8res. &nbsp; Conditionnement Emballage cadeau [&hellip;]<\/p>\n","protected":false},"author":2,"featured_media":747,"parent":0,"menu_order":0,"comment_status":"closed","ping_status":"closed","template":"","meta":{"_acf_changed":false,"footnotes":""},"class_list":["post-756","page","type-page","status-publish","has-post-thumbnail","hentry"],"acf":[],"yoast_head":"<!-- This site is optimized with the Yoast SEO plugin v26.9 - https:\/\/yoast.com\/product\/yoast-seo-wordpress\/ -->\n<title>Emballages cadeau - APIMIEL SA<\/title>\n<meta name=\"robots\" content=\"index, follow, max-snippet:-1, max-image-preview:large, max-video-preview:-1\" \/>\n<link rel=\"canonical\" href=\"https:\/\/apimiel.ch\/fr\/confezioni-regalo\/\" \/>\n<meta property=\"og:locale\" content=\"fr_FR\" \/>\n<meta property=\"og:type\" content=\"article\" \/>\n<meta property=\"og:title\" content=\"Emballages cadeau - APIMIEL SA\" \/>\n<meta property=\"og:description\" content=\"Personnalisation L&#8217;emballage peut contenir, au choix, ces types de miel: Miele nero Miel de ch\u00e2taignier CH Miel suisse Miel de Valmaggia Miel du Tessin Miel Bio de Val Poschiavo 100% &nbsp; SUR DEMANDE Miel d&rsquo;acacia CH Miel des Grisons Miel du Jura Nous restons \u00e0 votre disposition pour d&rsquo;\u00e9ventuelles requ\u00eates particuli\u00e8res. &nbsp; Conditionnement Emballage cadeau [&hellip;]\" \/>\n<meta property=\"og:url\" content=\"https:\/\/apimiel.ch\/fr\/confezioni-regalo\/\" \/>\n<meta property=\"og:site_name\" content=\"APIMIEL SA\" \/>\n<meta property=\"article:modified_time\" content=\"2025-07-25T10:43:45+00:00\" \/>\n<meta property=\"og:image\" content=\"https:\/\/apimiel.ch\/wp-content\/uploads\/2025\/07\/regalo_001_n.jpg\" \/>\n\t<meta property=\"og:image:width\" content=\"1024\" \/>\n\t<meta property=\"og:image:height\" content=\"400\" \/>\n\t<meta property=\"og:image:type\" content=\"image\/jpeg\" \/>\n<meta name=\"twitter:card\" content=\"summary_large_image\" \/>\n<meta name=\"twitter:label1\" content=\"Dur\u00e9e de lecture estim\u00e9e\" \/>\n\t<meta name=\"twitter:data1\" content=\"1 minute\" \/>\n<script type=\"application\/ld+json\" class=\"yoast-schema-graph\">{\"@context\":\"https:\/\/schema.org\",\"@graph\":[{\"@type\":\"WebPage\",\"@id\":\"https:\/\/apimiel.ch\/fr\/confezioni-regalo\/\",\"url\":\"https:\/\/apimiel.ch\/fr\/confezioni-regalo\/\",\"name\":\"Emballages cadeau - APIMIEL SA\",\"isPartOf\":{\"@id\":\"https:\/\/apimiel.ch\/fr\/#website\"},\"primaryImageOfPage\":{\"@id\":\"https:\/\/apimiel.ch\/fr\/confezioni-regalo\/#primaryimage\"},\"image\":{\"@id\":\"https:\/\/apimiel.ch\/fr\/confezioni-regalo\/#primaryimage\"},\"thumbnailUrl\":\"https:\/\/apimiel.ch\/wp-content\/uploads\/2025\/07\/regalo_001_n.jpg\",\"datePublished\":\"2025-07-23T10:43:43+00:00\",\"dateModified\":\"2025-07-25T10:43:45+00:00\",\"breadcrumb\":{\"@id\":\"https:\/\/apimiel.ch\/fr\/confezioni-regalo\/#breadcrumb\"},\"inLanguage\":\"fr-FR\",\"potentialAction\":[{\"@type\":\"ReadAction\",\"target\":[\"https:\/\/apimiel.ch\/fr\/confezioni-regalo\/\"]}]},{\"@type\":\"ImageObject\",\"inLanguage\":\"fr-FR\",\"@id\":\"https:\/\/apimiel.ch\/fr\/confezioni-regalo\/#primaryimage\",\"url\":\"https:\/\/apimiel.ch\/wp-content\/uploads\/2025\/07\/regalo_001_n.jpg\",\"contentUrl\":\"https:\/\/apimiel.ch\/wp-content\/uploads\/2025\/07\/regalo_001_n.jpg\",\"width\":1024,\"height\":400},{\"@type\":\"BreadcrumbList\",\"@id\":\"https:\/\/apimiel.ch\/fr\/confezioni-regalo\/#breadcrumb\",\"itemListElement\":[{\"@type\":\"ListItem\",\"position\":1,\"name\":\"Home\",\"item\":\"https:\/\/apimiel.ch\/fr\/\"},{\"@type\":\"ListItem\",\"position\":2,\"name\":\"Emballages cadeau\"}]},{\"@type\":\"WebSite\",\"@id\":\"https:\/\/apimiel.ch\/fr\/#website\",\"url\":\"https:\/\/apimiel.ch\/fr\/\",\"name\":\"APIMIEL SA\",\"description\":\"Garantie par les abeilles\",\"potentialAction\":[{\"@type\":\"SearchAction\",\"target\":{\"@type\":\"EntryPoint\",\"urlTemplate\":\"https:\/\/apimiel.ch\/fr\/?s={search_term_string}\"},\"query-input\":{\"@type\":\"PropertyValueSpecification\",\"valueRequired\":true,\"valueName\":\"search_term_string\"}}],\"inLanguage\":\"fr-FR\"}]}<\/script>\n<!-- \/ Yoast SEO plugin. -->","yoast_head_json":{"title":"Emballages cadeau - APIMIEL SA","robots":{"index":"index","follow":"follow","max-snippet":"max-snippet:-1","max-image-preview":"max-image-preview:large","max-video-preview":"max-video-preview:-1"},"canonical":"https:\/\/apimiel.ch\/fr\/confezioni-regalo\/","og_locale":"fr_FR","og_type":"article","og_title":"Emballages cadeau - APIMIEL SA","og_description":"Personnalisation L&#8217;emballage peut contenir, au choix, ces types de miel: Miele nero Miel de ch\u00e2taignier CH Miel suisse Miel de Valmaggia Miel du Tessin Miel Bio de Val Poschiavo 100% &nbsp; SUR DEMANDE Miel d&rsquo;acacia CH Miel des Grisons Miel du Jura Nous restons \u00e0 votre disposition pour d&rsquo;\u00e9ventuelles requ\u00eates particuli\u00e8res. &nbsp; Conditionnement Emballage cadeau [&hellip;]","og_url":"https:\/\/apimiel.ch\/fr\/confezioni-regalo\/","og_site_name":"APIMIEL SA","article_modified_time":"2025-07-25T10:43:45+00:00","og_image":[{"width":1024,"height":400,"url":"https:\/\/apimiel.ch\/wp-content\/uploads\/2025\/07\/regalo_001_n.jpg","type":"image\/jpeg"}],"twitter_card":"summary_large_image","twitter_misc":{"Dur\u00e9e de lecture estim\u00e9e":"1 minute"},"schema":{"@context":"https:\/\/schema.org","@graph":[{"@type":"WebPage","@id":"https:\/\/apimiel.ch\/fr\/confezioni-regalo\/","url":"https:\/\/apimiel.ch\/fr\/confezioni-regalo\/","name":"Emballages cadeau - APIMIEL SA","isPartOf":{"@id":"https:\/\/apimiel.ch\/fr\/#website"},"primaryImageOfPage":{"@id":"https:\/\/apimiel.ch\/fr\/confezioni-regalo\/#primaryimage"},"image":{"@id":"https:\/\/apimiel.ch\/fr\/confezioni-regalo\/#primaryimage"},"thumbnailUrl":"https:\/\/apimiel.ch\/wp-content\/uploads\/2025\/07\/regalo_001_n.jpg","datePublished":"2025-07-23T10:43:43+00:00","dateModified":"2025-07-25T10:43:45+00:00","breadcrumb":{"@id":"https:\/\/apimiel.ch\/fr\/confezioni-regalo\/#breadcrumb"},"inLanguage":"fr-FR","potentialAction":[{"@type":"ReadAction","target":["https:\/\/apimiel.ch\/fr\/confezioni-regalo\/"]}]},{"@type":"ImageObject","inLanguage":"fr-FR","@id":"https:\/\/apimiel.ch\/fr\/confezioni-regalo\/#primaryimage","url":"https:\/\/apimiel.ch\/wp-content\/uploads\/2025\/07\/regalo_001_n.jpg","contentUrl":"https:\/\/apimiel.ch\/wp-content\/uploads\/2025\/07\/regalo_001_n.jpg","width":1024,"height":400},{"@type":"BreadcrumbList","@id":"https:\/\/apimiel.ch\/fr\/confezioni-regalo\/#breadcrumb","itemListElement":[{"@type":"ListItem","position":1,"name":"Home","item":"https:\/\/apimiel.ch\/fr\/"},{"@type":"ListItem","position":2,"name":"Emballages cadeau"}]},{"@type":"WebSite","@id":"https:\/\/apimiel.ch\/fr\/#website","url":"https:\/\/apimiel.ch\/fr\/","name":"APIMIEL SA","description":"Garantie par les abeilles","potentialAction":[{"@type":"SearchAction","target":{"@type":"EntryPoint","urlTemplate":"https:\/\/apimiel.ch\/fr\/?s={search_term_string}"},"query-input":{"@type":"PropertyValueSpecification","valueRequired":true,"valueName":"search_term_string"}}],"inLanguage":"fr-FR"}]}},"_links":{"self":[{"href":"https:\/\/apimiel.ch\/fr\/wp-json\/wp\/v2\/pages\/756","targetHints":{"allow":["GET"]}}],"collection":[{"href":"https:\/\/apimiel.ch\/fr\/wp-json\/wp\/v2\/pages"}],"about":[{"href":"https:\/\/apimiel.ch\/fr\/wp-json\/wp\/v2\/types\/page"}],"author":[{"embeddable":true,"href":"https:\/\/apimiel.ch\/fr\/wp-json\/wp\/v2\/users\/2"}],"replies":[{"embeddable":true,"href":"https:\/\/apimiel.ch\/fr\/wp-json\/wp\/v2\/comments?post=756"}],"version-history":[{"count":7,"href":"https:\/\/apimiel.ch\/fr\/wp-json\/wp\/v2\/pages\/756\/revisions"}],"predecessor-version":[{"id":1002,"href":"https:\/\/apimiel.ch\/fr\/wp-json\/wp\/v2\/pages\/756\/revisions\/1002"}],"wp:featuredmedia":[{"embeddable":true,"href":"https:\/\/apimiel.ch\/fr\/wp-json\/wp\/v2\/media\/747"}],"wp:attachment":[{"href":"https:\/\/apimiel.ch\/fr\/wp-json\/wp\/v2\/media?parent=756"}],"curies":[{"name":"wp","href":"https:\/\/api.w.org\/{rel}","templated":true}]}}