{"id":537,"date":"2025-07-18T07:54:12","date_gmt":"2025-07-18T07:54:12","guid":{"rendered":"https:\/\/apimiel.ch\/contatti\/"},"modified":"2025-09-02T07:22:38","modified_gmt":"2025-09-02T07:22:38","slug":"contatti","status":"publish","type":"page","link":"https:\/\/apimiel.ch\/fr\/contatti\/","title":{"rendered":"Contatti"},"content":{"rendered":"<h1 style=\"text-align: center;\">Apimiel SA<\/h1>\n<h5 style=\"text-align: center;\"><a href=\"https:\/\/maps.app.goo.gl\/kYZ71nwr81vu8QXH8\" target=\"_blank\" rel=\"noopener\">Buglio 378<br \/>\nCH-7743 Brusio<\/a><\/h5>\n<p style=\"text-align: center;\"><strong>Vous pouvez nous contacter au bureau pendant les heures d&rsquo;ouverture aux num\u00e9ros de t\u00e9l\u00e9phone suivants:<\/strong><\/p>\n<h5 style=\"text-align: center;\"><strong>T <a href=\"tel:0041818465318\">+41 81 846 53 18<\/a><\/strong><\/h5>\n<p>&nbsp;<\/p>\n<p style=\"text-align: center;\"><strong>E-mail<br \/>\n<\/strong>\u00a0<a href=\"mailto:info@apimiel.ch\">info@apimiel.ch<\/a><\/p>\n<p style=\"text-align: center;\">\n","protected":false},"excerpt":{"rendered":"<p>Apimiel SA Buglio 378 CH-7743 Brusio Vous pouvez nous contacter au bureau pendant les heures d&rsquo;ouverture aux num\u00e9ros de t\u00e9l\u00e9phone suivants: T +41 81 846 53 18 &nbsp; E-mail \u00a0info@apimiel.ch<\/p>\n","protected":false},"author":2,"featured_media":903,"parent":0,"menu_order":0,"comment_status":"closed","ping_status":"closed","template":"","meta":{"_acf_changed":false,"footnotes":""},"class_list":["post-537","page","type-page","status-publish","has-post-thumbnail","hentry"],"acf":[],"yoast_head":"<!-- This site is optimized with the Yoast SEO plugin v26.9 - https:\/\/yoast.com\/product\/yoast-seo-wordpress\/ -->\n<title>Contatti - APIMIEL SA<\/title>\n<meta name=\"robots\" content=\"index, follow, max-snippet:-1, max-image-preview:large, max-video-preview:-1\" \/>\n<link rel=\"canonical\" href=\"https:\/\/apimiel.ch\/fr\/contatti\/\" \/>\n<meta property=\"og:locale\" content=\"fr_FR\" \/>\n<meta property=\"og:type\" content=\"article\" \/>\n<meta property=\"og:title\" content=\"Contatti - APIMIEL SA\" \/>\n<meta property=\"og:description\" content=\"Apimiel SA Buglio 378 CH-7743 Brusio Vous pouvez nous contacter au bureau pendant les heures d&rsquo;ouverture aux num\u00e9ros de t\u00e9l\u00e9phone suivants: T +41 81 846 53 18 &nbsp; E-mail \u00a0info@apimiel.ch\" \/>\n<meta property=\"og:url\" content=\"https:\/\/apimiel.ch\/fr\/contatti\/\" \/>\n<meta property=\"og:site_name\" content=\"APIMIEL SA\" \/>\n<meta property=\"article:modified_time\" content=\"2025-09-02T07:22:38+00:00\" \/>\n<meta property=\"og:image\" content=\"https:\/\/apimiel.ch\/wp-content\/uploads\/2025\/07\/Apimiel_logo.png\" \/>\n\t<meta property=\"og:image:width\" content=\"655\" \/>\n\t<meta property=\"og:image:height\" content=\"230\" \/>\n\t<meta property=\"og:image:type\" content=\"image\/png\" \/>\n<meta name=\"twitter:card\" content=\"summary_large_image\" \/>\n<meta name=\"twitter:label1\" content=\"Dur\u00e9e de lecture estim\u00e9e\" \/>\n\t<meta name=\"twitter:data1\" content=\"1 minute\" \/>\n<script type=\"application\/ld+json\" class=\"yoast-schema-graph\">{\"@context\":\"https:\/\/schema.org\",\"@graph\":[{\"@type\":\"WebPage\",\"@id\":\"https:\/\/apimiel.ch\/fr\/contatti\/\",\"url\":\"https:\/\/apimiel.ch\/fr\/contatti\/\",\"name\":\"Contatti - APIMIEL SA\",\"isPartOf\":{\"@id\":\"https:\/\/apimiel.ch\/fr\/#website\"},\"primaryImageOfPage\":{\"@id\":\"https:\/\/apimiel.ch\/fr\/contatti\/#primaryimage\"},\"image\":{\"@id\":\"https:\/\/apimiel.ch\/fr\/contatti\/#primaryimage\"},\"thumbnailUrl\":\"https:\/\/apimiel.ch\/wp-content\/uploads\/2025\/07\/Apimiel_logo.png\",\"datePublished\":\"2025-07-18T07:54:12+00:00\",\"dateModified\":\"2025-09-02T07:22:38+00:00\",\"breadcrumb\":{\"@id\":\"https:\/\/apimiel.ch\/fr\/contatti\/#breadcrumb\"},\"inLanguage\":\"fr-FR\",\"potentialAction\":[{\"@type\":\"ReadAction\",\"target\":[\"https:\/\/apimiel.ch\/fr\/contatti\/\"]}]},{\"@type\":\"ImageObject\",\"inLanguage\":\"fr-FR\",\"@id\":\"https:\/\/apimiel.ch\/fr\/contatti\/#primaryimage\",\"url\":\"https:\/\/apimiel.ch\/wp-content\/uploads\/2025\/07\/Apimiel_logo.png\",\"contentUrl\":\"https:\/\/apimiel.ch\/wp-content\/uploads\/2025\/07\/Apimiel_logo.png\",\"width\":655,\"height\":230},{\"@type\":\"BreadcrumbList\",\"@id\":\"https:\/\/apimiel.ch\/fr\/contatti\/#breadcrumb\",\"itemListElement\":[{\"@type\":\"ListItem\",\"position\":1,\"name\":\"Home\",\"item\":\"https:\/\/apimiel.ch\/fr\/\"},{\"@type\":\"ListItem\",\"position\":2,\"name\":\"Contatti\"}]},{\"@type\":\"WebSite\",\"@id\":\"https:\/\/apimiel.ch\/fr\/#website\",\"url\":\"https:\/\/apimiel.ch\/fr\/\",\"name\":\"APIMIEL SA\",\"description\":\"Garantie par les abeilles\",\"potentialAction\":[{\"@type\":\"SearchAction\",\"target\":{\"@type\":\"EntryPoint\",\"urlTemplate\":\"https:\/\/apimiel.ch\/fr\/?s={search_term_string}\"},\"query-input\":{\"@type\":\"PropertyValueSpecification\",\"valueRequired\":true,\"valueName\":\"search_term_string\"}}],\"inLanguage\":\"fr-FR\"}]}<\/script>\n<!-- \/ Yoast SEO plugin. -->","yoast_head_json":{"title":"Contatti - APIMIEL SA","robots":{"index":"index","follow":"follow","max-snippet":"max-snippet:-1","max-image-preview":"max-image-preview:large","max-video-preview":"max-video-preview:-1"},"canonical":"https:\/\/apimiel.ch\/fr\/contatti\/","og_locale":"fr_FR","og_type":"article","og_title":"Contatti - APIMIEL SA","og_description":"Apimiel SA Buglio 378 CH-7743 Brusio Vous pouvez nous contacter au bureau pendant les heures d&rsquo;ouverture aux num\u00e9ros de t\u00e9l\u00e9phone suivants: T +41 81 846 53 18 &nbsp; E-mail \u00a0info@apimiel.ch","og_url":"https:\/\/apimiel.ch\/fr\/contatti\/","og_site_name":"APIMIEL SA","article_modified_time":"2025-09-02T07:22:38+00:00","og_image":[{"width":655,"height":230,"url":"https:\/\/apimiel.ch\/wp-content\/uploads\/2025\/07\/Apimiel_logo.png","type":"image\/png"}],"twitter_card":"summary_large_image","twitter_misc":{"Dur\u00e9e de lecture estim\u00e9e":"1 minute"},"schema":{"@context":"https:\/\/schema.org","@graph":[{"@type":"WebPage","@id":"https:\/\/apimiel.ch\/fr\/contatti\/","url":"https:\/\/apimiel.ch\/fr\/contatti\/","name":"Contatti - APIMIEL SA","isPartOf":{"@id":"https:\/\/apimiel.ch\/fr\/#website"},"primaryImageOfPage":{"@id":"https:\/\/apimiel.ch\/fr\/contatti\/#primaryimage"},"image":{"@id":"https:\/\/apimiel.ch\/fr\/contatti\/#primaryimage"},"thumbnailUrl":"https:\/\/apimiel.ch\/wp-content\/uploads\/2025\/07\/Apimiel_logo.png","datePublished":"2025-07-18T07:54:12+00:00","dateModified":"2025-09-02T07:22:38+00:00","breadcrumb":{"@id":"https:\/\/apimiel.ch\/fr\/contatti\/#breadcrumb"},"inLanguage":"fr-FR","potentialAction":[{"@type":"ReadAction","target":["https:\/\/apimiel.ch\/fr\/contatti\/"]}]},{"@type":"ImageObject","inLanguage":"fr-FR","@id":"https:\/\/apimiel.ch\/fr\/contatti\/#primaryimage","url":"https:\/\/apimiel.ch\/wp-content\/uploads\/2025\/07\/Apimiel_logo.png","contentUrl":"https:\/\/apimiel.ch\/wp-content\/uploads\/2025\/07\/Apimiel_logo.png","width":655,"height":230},{"@type":"BreadcrumbList","@id":"https:\/\/apimiel.ch\/fr\/contatti\/#breadcrumb","itemListElement":[{"@type":"ListItem","position":1,"name":"Home","item":"https:\/\/apimiel.ch\/fr\/"},{"@type":"ListItem","position":2,"name":"Contatti"}]},{"@type":"WebSite","@id":"https:\/\/apimiel.ch\/fr\/#website","url":"https:\/\/apimiel.ch\/fr\/","name":"APIMIEL SA","description":"Garantie par les abeilles","potentialAction":[{"@type":"SearchAction","target":{"@type":"EntryPoint","urlTemplate":"https:\/\/apimiel.ch\/fr\/?s={search_term_string}"},"query-input":{"@type":"PropertyValueSpecification","valueRequired":true,"valueName":"search_term_string"}}],"inLanguage":"fr-FR"}]}},"_links":{"self":[{"href":"https:\/\/apimiel.ch\/fr\/wp-json\/wp\/v2\/pages\/537","targetHints":{"allow":["GET"]}}],"collection":[{"href":"https:\/\/apimiel.ch\/fr\/wp-json\/wp\/v2\/pages"}],"about":[{"href":"https:\/\/apimiel.ch\/fr\/wp-json\/wp\/v2\/types\/page"}],"author":[{"embeddable":true,"href":"https:\/\/apimiel.ch\/fr\/wp-json\/wp\/v2\/users\/2"}],"replies":[{"embeddable":true,"href":"https:\/\/apimiel.ch\/fr\/wp-json\/wp\/v2\/comments?post=537"}],"version-history":[{"count":6,"href":"https:\/\/apimiel.ch\/fr\/wp-json\/wp\/v2\/pages\/537\/revisions"}],"predecessor-version":[{"id":1022,"href":"https:\/\/apimiel.ch\/fr\/wp-json\/wp\/v2\/pages\/537\/revisions\/1022"}],"wp:featuredmedia":[{"embeddable":true,"href":"https:\/\/apimiel.ch\/fr\/wp-json\/wp\/v2\/media\/903"}],"wp:attachment":[{"href":"https:\/\/apimiel.ch\/fr\/wp-json\/wp\/v2\/media?parent=537"}],"curies":[{"name":"wp","href":"https:\/\/api.w.org\/{rel}","templated":true}]}}