{"id":410,"date":"2025-07-18T07:56:16","date_gmt":"2025-07-18T07:56:16","guid":{"rendered":"https:\/\/apimiel.ch\/il-miele\/"},"modified":"2025-07-24T11:43:45","modified_gmt":"2025-07-24T11:43:45","slug":"il-miele","status":"publish","type":"page","link":"https:\/\/apimiel.ch\/fr\/il-miele\/","title":{"rendered":"Miel"},"content":{"rendered":"<h1 style=\"text-align: center;\">EN OFFRANDE AUX DIEUX ET AU SERVICE DE LA BEAUT\u00c9<\/h1>\n<p style=\"text-align: center;\">D\u00e9j\u00e0 dans l&rsquo;\u00c9gypte antique le miel \u00e9tait tenu en grande consid\u00e9ration et \u00e9tait offert aux dieux.<\/p>\n<p style=\"text-align: center;\">Les Grecs et les Romains l&rsquo;appr\u00e9ciaient en tant que rem\u00e8de th\u00e9rapeutique et produit de beaut\u00e9.<\/p>\n<h1 style=\"text-align: center;\">POUR SOULAGER LA TOUX<\/h1>\n<p style=\"text-align: center;\">Une tasse de lait additionn\u00e9 de miel est un rem\u00e8de efficace contre la toux, le mal de gorge, les bronchites, etc. Boire chaque soir pendant quatre ou cinq jours de suite du lait adouci avec du miel att\u00e9nue naturellement ces sympt\u00f4mes.<\/p>\n<h1 style=\"text-align: center;\">POUR VAINCRE L&rsquo;INSOMNIE<\/h1>\n<p style=\"text-align: center;\">Avant de se coucher, les Japonais ont coutume de boire un verre d&rsquo;eau ti\u00e8de additionn\u00e9e de miel pour s&rsquo;assurer un sommeil r\u00e9parateur.<\/p>\n<p>&nbsp;<\/p>\n<h1 style=\"text-align: center;\"><strong>Propri\u00e9t\u00e9s du miel<\/strong><\/h1>\n<p style=\"text-align: center;\">Le miel est un aliment naturel qui ne subit aucune \u00e9laboration ou transformation de la part de l&rsquo;homme. Ses composantes principales sont sucres, eau, acides organiques, sels min\u00e9raux et enzymes. Le miel est un aliment de valeur nutritive \u00e9lev\u00e9e et \u00e0 assimilation rapide. Le glucose qu&rsquo;il contient fournit une \u00e9nergie imm\u00e9diatement disponible, le fructose est m\u00e9tabolis\u00e9 et constitue une r\u00e9serve \u00e9nerg\u00e9tique. Cent grammes de miel fournissent quelque 320 calories.<\/p>\n<p style=\"text-align: center;\">Le miel a fait l&rsquo;objet de nombreuses \u00e9tudes et, bien que certains le nient, il poss\u00e8de plusieurs vertus th\u00e9rapeutiques et \u00e9nerg\u00e9tiques. Il est connu surtout pour son action calmante sur la toux, mais sa consommation favorise \u00e9galement la circulation sanguine et la fixation du calcium et du magn\u00e9sium dans les os. Il exerce aussi une action antibact\u00e9rienne. La consommation r\u00e9guli\u00e8re de miel conf\u00e8re \u00e0 l&rsquo;organisme une r\u00e9sistance accrue aux agressions externes.<\/p>\n<p style=\"text-align: center;\">Le miel est particuli\u00e8rement conseill\u00e9 aux sportifs, aux personnes qui m\u00e8nent une intense activit\u00e9 intellectuelle, aux convalescents et aux femmes enceintes. Il est b\u00e9n\u00e9fique pour la croissance des enfants et pr\u00e9cieux dans l&rsquo;alimentation des personnes \u00e2g\u00e9es.<\/p>\n","protected":false},"excerpt":{"rendered":"<p>EN OFFRANDE AUX DIEUX ET AU SERVICE DE LA BEAUT\u00c9 D\u00e9j\u00e0 dans l&rsquo;\u00c9gypte antique le miel \u00e9tait tenu en grande consid\u00e9ration et \u00e9tait offert aux dieux. Les Grecs et les Romains l&rsquo;appr\u00e9ciaient en tant que rem\u00e8de th\u00e9rapeutique et produit de beaut\u00e9. POUR SOULAGER LA TOUX Une tasse de lait additionn\u00e9 de miel est un rem\u00e8de [&hellip;]<\/p>\n","protected":false},"author":2,"featured_media":0,"parent":0,"menu_order":0,"comment_status":"closed","ping_status":"closed","template":"","meta":{"_acf_changed":false,"footnotes":""},"class_list":["post-410","page","type-page","status-publish","hentry"],"acf":[],"yoast_head":"<!-- This site is optimized with the Yoast SEO plugin v26.9 - https:\/\/yoast.com\/product\/yoast-seo-wordpress\/ -->\n<title>Miel - APIMIEL SA<\/title>\n<meta name=\"robots\" content=\"index, follow, max-snippet:-1, max-image-preview:large, max-video-preview:-1\" \/>\n<link rel=\"canonical\" href=\"https:\/\/apimiel.ch\/fr\/il-miele\/\" \/>\n<meta property=\"og:locale\" content=\"fr_FR\" \/>\n<meta property=\"og:type\" content=\"article\" \/>\n<meta property=\"og:title\" content=\"Miel - APIMIEL SA\" \/>\n<meta property=\"og:description\" content=\"EN OFFRANDE AUX DIEUX ET AU SERVICE DE LA BEAUT\u00c9 D\u00e9j\u00e0 dans l&rsquo;\u00c9gypte antique le miel \u00e9tait tenu en grande consid\u00e9ration et \u00e9tait offert aux dieux. Les Grecs et les Romains l&rsquo;appr\u00e9ciaient en tant que rem\u00e8de th\u00e9rapeutique et produit de beaut\u00e9. POUR SOULAGER LA TOUX Une tasse de lait additionn\u00e9 de miel est un rem\u00e8de [&hellip;]\" \/>\n<meta property=\"og:url\" content=\"https:\/\/apimiel.ch\/fr\/il-miele\/\" \/>\n<meta property=\"og:site_name\" content=\"APIMIEL SA\" \/>\n<meta property=\"article:modified_time\" content=\"2025-07-24T11:43:45+00:00\" \/>\n<meta name=\"twitter:card\" content=\"summary_large_image\" \/>\n<meta name=\"twitter:label1\" content=\"Dur\u00e9e de lecture estim\u00e9e\" \/>\n\t<meta name=\"twitter:data1\" content=\"2 minutes\" \/>\n<script type=\"application\/ld+json\" class=\"yoast-schema-graph\">{\"@context\":\"https:\/\/schema.org\",\"@graph\":[{\"@type\":\"WebPage\",\"@id\":\"https:\/\/apimiel.ch\/fr\/il-miele\/\",\"url\":\"https:\/\/apimiel.ch\/fr\/il-miele\/\",\"name\":\"Miel - APIMIEL SA\",\"isPartOf\":{\"@id\":\"https:\/\/apimiel.ch\/fr\/#website\"},\"datePublished\":\"2025-07-18T07:56:16+00:00\",\"dateModified\":\"2025-07-24T11:43:45+00:00\",\"breadcrumb\":{\"@id\":\"https:\/\/apimiel.ch\/fr\/il-miele\/#breadcrumb\"},\"inLanguage\":\"fr-FR\",\"potentialAction\":[{\"@type\":\"ReadAction\",\"target\":[\"https:\/\/apimiel.ch\/fr\/il-miele\/\"]}]},{\"@type\":\"BreadcrumbList\",\"@id\":\"https:\/\/apimiel.ch\/fr\/il-miele\/#breadcrumb\",\"itemListElement\":[{\"@type\":\"ListItem\",\"position\":1,\"name\":\"Home\",\"item\":\"https:\/\/apimiel.ch\/fr\/\"},{\"@type\":\"ListItem\",\"position\":2,\"name\":\"Miel\"}]},{\"@type\":\"WebSite\",\"@id\":\"https:\/\/apimiel.ch\/fr\/#website\",\"url\":\"https:\/\/apimiel.ch\/fr\/\",\"name\":\"APIMIEL SA\",\"description\":\"Garantie par les abeilles\",\"potentialAction\":[{\"@type\":\"SearchAction\",\"target\":{\"@type\":\"EntryPoint\",\"urlTemplate\":\"https:\/\/apimiel.ch\/fr\/?s={search_term_string}\"},\"query-input\":{\"@type\":\"PropertyValueSpecification\",\"valueRequired\":true,\"valueName\":\"search_term_string\"}}],\"inLanguage\":\"fr-FR\"}]}<\/script>\n<!-- \/ Yoast SEO plugin. -->","yoast_head_json":{"title":"Miel - APIMIEL SA","robots":{"index":"index","follow":"follow","max-snippet":"max-snippet:-1","max-image-preview":"max-image-preview:large","max-video-preview":"max-video-preview:-1"},"canonical":"https:\/\/apimiel.ch\/fr\/il-miele\/","og_locale":"fr_FR","og_type":"article","og_title":"Miel - APIMIEL SA","og_description":"EN OFFRANDE AUX DIEUX ET AU SERVICE DE LA BEAUT\u00c9 D\u00e9j\u00e0 dans l&rsquo;\u00c9gypte antique le miel \u00e9tait tenu en grande consid\u00e9ration et \u00e9tait offert aux dieux. Les Grecs et les Romains l&rsquo;appr\u00e9ciaient en tant que rem\u00e8de th\u00e9rapeutique et produit de beaut\u00e9. POUR SOULAGER LA TOUX Une tasse de lait additionn\u00e9 de miel est un rem\u00e8de [&hellip;]","og_url":"https:\/\/apimiel.ch\/fr\/il-miele\/","og_site_name":"APIMIEL SA","article_modified_time":"2025-07-24T11:43:45+00:00","twitter_card":"summary_large_image","twitter_misc":{"Dur\u00e9e de lecture estim\u00e9e":"2 minutes"},"schema":{"@context":"https:\/\/schema.org","@graph":[{"@type":"WebPage","@id":"https:\/\/apimiel.ch\/fr\/il-miele\/","url":"https:\/\/apimiel.ch\/fr\/il-miele\/","name":"Miel - APIMIEL SA","isPartOf":{"@id":"https:\/\/apimiel.ch\/fr\/#website"},"datePublished":"2025-07-18T07:56:16+00:00","dateModified":"2025-07-24T11:43:45+00:00","breadcrumb":{"@id":"https:\/\/apimiel.ch\/fr\/il-miele\/#breadcrumb"},"inLanguage":"fr-FR","potentialAction":[{"@type":"ReadAction","target":["https:\/\/apimiel.ch\/fr\/il-miele\/"]}]},{"@type":"BreadcrumbList","@id":"https:\/\/apimiel.ch\/fr\/il-miele\/#breadcrumb","itemListElement":[{"@type":"ListItem","position":1,"name":"Home","item":"https:\/\/apimiel.ch\/fr\/"},{"@type":"ListItem","position":2,"name":"Miel"}]},{"@type":"WebSite","@id":"https:\/\/apimiel.ch\/fr\/#website","url":"https:\/\/apimiel.ch\/fr\/","name":"APIMIEL SA","description":"Garantie par les abeilles","potentialAction":[{"@type":"SearchAction","target":{"@type":"EntryPoint","urlTemplate":"https:\/\/apimiel.ch\/fr\/?s={search_term_string}"},"query-input":{"@type":"PropertyValueSpecification","valueRequired":true,"valueName":"search_term_string"}}],"inLanguage":"fr-FR"}]}},"_links":{"self":[{"href":"https:\/\/apimiel.ch\/fr\/wp-json\/wp\/v2\/pages\/410","targetHints":{"allow":["GET"]}}],"collection":[{"href":"https:\/\/apimiel.ch\/fr\/wp-json\/wp\/v2\/pages"}],"about":[{"href":"https:\/\/apimiel.ch\/fr\/wp-json\/wp\/v2\/types\/page"}],"author":[{"embeddable":true,"href":"https:\/\/apimiel.ch\/fr\/wp-json\/wp\/v2\/users\/2"}],"replies":[{"embeddable":true,"href":"https:\/\/apimiel.ch\/fr\/wp-json\/wp\/v2\/comments?post=410"}],"version-history":[{"count":3,"href":"https:\/\/apimiel.ch\/fr\/wp-json\/wp\/v2\/pages\/410\/revisions"}],"predecessor-version":[{"id":906,"href":"https:\/\/apimiel.ch\/fr\/wp-json\/wp\/v2\/pages\/410\/revisions\/906"}],"wp:attachment":[{"href":"https:\/\/apimiel.ch\/fr\/wp-json\/wp\/v2\/media?parent=410"}],"curies":[{"name":"wp","href":"https:\/\/api.w.org\/{rel}","templated":true}]}}