{"id":342,"date":"2025-07-18T07:52:28","date_gmt":"2025-07-18T07:52:28","guid":{"rendered":"https:\/\/apimiel.ch\/azienda\/"},"modified":"2025-07-24T11:36:48","modified_gmt":"2025-07-24T11:36:48","slug":"azienda","status":"publish","type":"page","link":"https:\/\/apimiel.ch\/fr\/azienda\/","title":{"rendered":"Entreprise"},"content":{"rendered":"<h1 style=\"text-align: center;\">L&rsquo;assurance qualit\u00e9.<\/h1>\n<blockquote>\n<p style=\"text-align: center;\">Apimiel est aujourd&rsquo;hui le sp\u00e9cialiste de la production, de la transformation et de la commercialisation du miel en Suisse.<\/p>\n<\/blockquote>\n<p style=\"text-align: center;\">Notre longue tradition et notre pr\u00e9cieuse exp\u00e9rience nous ont permis d&rsquo;acqu\u00e9rir une connaissance approfondie de ce merveilleux produit naturel qu&rsquo;est le miel, et qui fait aujourd&rsquo;hui notre fiert\u00e9. A tout moment, nous sommes heureux de pouvoir garantir au consommateur un standard d&rsquo;excellence sur toutes nos sp\u00e9cialit\u00e9s.<\/p>\n<p>&nbsp;<\/p>\n<h1 style=\"text-align: center;\">Historique de notre entreprise<\/h1>\n<p style=\"text-align: center;\">La grande passion pour les abeilles a commenc\u00e9 dans les ann\u00e9es 1940-1950 avec le fondateur d&rsquo;Apimiel, <strong>Ernesto Dotti<\/strong>.<\/p>\n<p style=\"text-align: center;\">Une passion qui, associ\u00e9e \u00e0 la qualit\u00e9 du miel produit, a \u00e9t\u00e9 la recette de notre succ\u00e8s et nous a valu rapidement un nombre consid\u00e9rable de clients fid\u00e8les. C&rsquo;est ainsi qu&rsquo;a d\u00e9but\u00e9 la commercialisation du miel avec un bon nombre de clients fid\u00e8les.<\/p>\n<p>&nbsp;<\/p>\n<p>&nbsp;<\/p>\n","protected":false},"excerpt":{"rendered":"<p>L&rsquo;assurance qualit\u00e9. Apimiel est aujourd&rsquo;hui le sp\u00e9cialiste de la production, de la transformation et de la commercialisation du miel en Suisse. Notre longue tradition et notre pr\u00e9cieuse exp\u00e9rience nous ont permis d&rsquo;acqu\u00e9rir une connaissance approfondie de ce merveilleux produit naturel qu&rsquo;est le miel, et qui fait aujourd&rsquo;hui notre fiert\u00e9. A tout moment, nous sommes heureux [&hellip;]<\/p>\n","protected":false},"author":2,"featured_media":0,"parent":0,"menu_order":0,"comment_status":"closed","ping_status":"closed","template":"","meta":{"_acf_changed":false,"footnotes":""},"class_list":["post-342","page","type-page","status-publish","hentry"],"acf":[],"yoast_head":"<!-- This site is optimized with the Yoast SEO plugin v26.9 - https:\/\/yoast.com\/product\/yoast-seo-wordpress\/ -->\n<title>Entreprise - APIMIEL SA<\/title>\n<meta name=\"robots\" content=\"index, follow, max-snippet:-1, max-image-preview:large, max-video-preview:-1\" \/>\n<link rel=\"canonical\" href=\"https:\/\/apimiel.ch\/fr\/azienda\/\" \/>\n<meta property=\"og:locale\" content=\"fr_FR\" \/>\n<meta property=\"og:type\" content=\"article\" \/>\n<meta property=\"og:title\" content=\"Entreprise - APIMIEL SA\" \/>\n<meta property=\"og:description\" content=\"L&rsquo;assurance qualit\u00e9. Apimiel est aujourd&rsquo;hui le sp\u00e9cialiste de la production, de la transformation et de la commercialisation du miel en Suisse. Notre longue tradition et notre pr\u00e9cieuse exp\u00e9rience nous ont permis d&rsquo;acqu\u00e9rir une connaissance approfondie de ce merveilleux produit naturel qu&rsquo;est le miel, et qui fait aujourd&rsquo;hui notre fiert\u00e9. A tout moment, nous sommes heureux [&hellip;]\" \/>\n<meta property=\"og:url\" content=\"https:\/\/apimiel.ch\/fr\/azienda\/\" \/>\n<meta property=\"og:site_name\" content=\"APIMIEL SA\" \/>\n<meta property=\"article:modified_time\" content=\"2025-07-24T11:36:48+00:00\" \/>\n<meta name=\"twitter:card\" content=\"summary_large_image\" \/>\n<meta name=\"twitter:label1\" content=\"Dur\u00e9e de lecture estim\u00e9e\" \/>\n\t<meta name=\"twitter:data1\" content=\"1 minute\" \/>\n<script type=\"application\/ld+json\" class=\"yoast-schema-graph\">{\"@context\":\"https:\/\/schema.org\",\"@graph\":[{\"@type\":\"WebPage\",\"@id\":\"https:\/\/apimiel.ch\/fr\/azienda\/\",\"url\":\"https:\/\/apimiel.ch\/fr\/azienda\/\",\"name\":\"Entreprise - APIMIEL SA\",\"isPartOf\":{\"@id\":\"https:\/\/apimiel.ch\/fr\/#website\"},\"datePublished\":\"2025-07-18T07:52:28+00:00\",\"dateModified\":\"2025-07-24T11:36:48+00:00\",\"breadcrumb\":{\"@id\":\"https:\/\/apimiel.ch\/fr\/azienda\/#breadcrumb\"},\"inLanguage\":\"fr-FR\",\"potentialAction\":[{\"@type\":\"ReadAction\",\"target\":[\"https:\/\/apimiel.ch\/fr\/azienda\/\"]}]},{\"@type\":\"BreadcrumbList\",\"@id\":\"https:\/\/apimiel.ch\/fr\/azienda\/#breadcrumb\",\"itemListElement\":[{\"@type\":\"ListItem\",\"position\":1,\"name\":\"Home\",\"item\":\"https:\/\/apimiel.ch\/fr\/\"},{\"@type\":\"ListItem\",\"position\":2,\"name\":\"Entreprise\"}]},{\"@type\":\"WebSite\",\"@id\":\"https:\/\/apimiel.ch\/fr\/#website\",\"url\":\"https:\/\/apimiel.ch\/fr\/\",\"name\":\"APIMIEL SA\",\"description\":\"Garantie par les abeilles\",\"potentialAction\":[{\"@type\":\"SearchAction\",\"target\":{\"@type\":\"EntryPoint\",\"urlTemplate\":\"https:\/\/apimiel.ch\/fr\/?s={search_term_string}\"},\"query-input\":{\"@type\":\"PropertyValueSpecification\",\"valueRequired\":true,\"valueName\":\"search_term_string\"}}],\"inLanguage\":\"fr-FR\"}]}<\/script>\n<!-- \/ Yoast SEO plugin. -->","yoast_head_json":{"title":"Entreprise - APIMIEL SA","robots":{"index":"index","follow":"follow","max-snippet":"max-snippet:-1","max-image-preview":"max-image-preview:large","max-video-preview":"max-video-preview:-1"},"canonical":"https:\/\/apimiel.ch\/fr\/azienda\/","og_locale":"fr_FR","og_type":"article","og_title":"Entreprise - APIMIEL SA","og_description":"L&rsquo;assurance qualit\u00e9. Apimiel est aujourd&rsquo;hui le sp\u00e9cialiste de la production, de la transformation et de la commercialisation du miel en Suisse. Notre longue tradition et notre pr\u00e9cieuse exp\u00e9rience nous ont permis d&rsquo;acqu\u00e9rir une connaissance approfondie de ce merveilleux produit naturel qu&rsquo;est le miel, et qui fait aujourd&rsquo;hui notre fiert\u00e9. A tout moment, nous sommes heureux [&hellip;]","og_url":"https:\/\/apimiel.ch\/fr\/azienda\/","og_site_name":"APIMIEL SA","article_modified_time":"2025-07-24T11:36:48+00:00","twitter_card":"summary_large_image","twitter_misc":{"Dur\u00e9e de lecture estim\u00e9e":"1 minute"},"schema":{"@context":"https:\/\/schema.org","@graph":[{"@type":"WebPage","@id":"https:\/\/apimiel.ch\/fr\/azienda\/","url":"https:\/\/apimiel.ch\/fr\/azienda\/","name":"Entreprise - APIMIEL SA","isPartOf":{"@id":"https:\/\/apimiel.ch\/fr\/#website"},"datePublished":"2025-07-18T07:52:28+00:00","dateModified":"2025-07-24T11:36:48+00:00","breadcrumb":{"@id":"https:\/\/apimiel.ch\/fr\/azienda\/#breadcrumb"},"inLanguage":"fr-FR","potentialAction":[{"@type":"ReadAction","target":["https:\/\/apimiel.ch\/fr\/azienda\/"]}]},{"@type":"BreadcrumbList","@id":"https:\/\/apimiel.ch\/fr\/azienda\/#breadcrumb","itemListElement":[{"@type":"ListItem","position":1,"name":"Home","item":"https:\/\/apimiel.ch\/fr\/"},{"@type":"ListItem","position":2,"name":"Entreprise"}]},{"@type":"WebSite","@id":"https:\/\/apimiel.ch\/fr\/#website","url":"https:\/\/apimiel.ch\/fr\/","name":"APIMIEL SA","description":"Garantie par les abeilles","potentialAction":[{"@type":"SearchAction","target":{"@type":"EntryPoint","urlTemplate":"https:\/\/apimiel.ch\/fr\/?s={search_term_string}"},"query-input":{"@type":"PropertyValueSpecification","valueRequired":true,"valueName":"search_term_string"}}],"inLanguage":"fr-FR"}]}},"_links":{"self":[{"href":"https:\/\/apimiel.ch\/fr\/wp-json\/wp\/v2\/pages\/342","targetHints":{"allow":["GET"]}}],"collection":[{"href":"https:\/\/apimiel.ch\/fr\/wp-json\/wp\/v2\/pages"}],"about":[{"href":"https:\/\/apimiel.ch\/fr\/wp-json\/wp\/v2\/types\/page"}],"author":[{"embeddable":true,"href":"https:\/\/apimiel.ch\/fr\/wp-json\/wp\/v2\/users\/2"}],"replies":[{"embeddable":true,"href":"https:\/\/apimiel.ch\/fr\/wp-json\/wp\/v2\/comments?post=342"}],"version-history":[{"count":1,"href":"https:\/\/apimiel.ch\/fr\/wp-json\/wp\/v2\/pages\/342\/revisions"}],"predecessor-version":[{"id":345,"href":"https:\/\/apimiel.ch\/fr\/wp-json\/wp\/v2\/pages\/342\/revisions\/345"}],"wp:attachment":[{"href":"https:\/\/apimiel.ch\/fr\/wp-json\/wp\/v2\/media?parent=342"}],"curies":[{"name":"wp","href":"https:\/\/api.w.org\/{rel}","templated":true}]}}