{"id":1048,"date":"2025-09-02T07:50:05","date_gmt":"2025-09-02T07:50:05","guid":{"rendered":"https:\/\/apimiel.ch\/?page_id=1048"},"modified":"2025-09-02T07:56:09","modified_gmt":"2025-09-02T07:56:09","slug":"climatepartner","status":"publish","type":"page","link":"https:\/\/apimiel.ch\/fr\/climatepartner\/","title":{"rendered":"ClimatePartner"},"content":{"rendered":"<p><a href=\"https:\/\/climate-id.com\/fr\/2TAW8W\" target=\"_blank\" rel=\"noopener\">La certification ClimatePartner<\/a> fournit une <strong>pr\u00e9sentation transparente de l&rsquo;ensemble de la strat\u00e9gie d&rsquo;action climatique d&rsquo;une entreprise<\/strong>, comprenant les empreintes carbone, les objectifs de r\u00e9duction des \u00e9missions, les r\u00e9ductions mises en \u0153uvre et la contribution financi\u00e8re aux projets de protection climatique dans le monde entier.<\/p>\n<p>&nbsp;<\/p>\n<p>Pour atteindre leurs objectifs de r\u00e9duction, il est important que les entreprises planifient et mettent en <strong>\u0153uvre des mesures concr\u00e8tes afin de mener une action climatique efficace.<\/strong><\/p>\n<p>&nbsp;<\/p>\n<p>Pour atteindre les objectifs fix\u00e9s, nous avons install\u00e9 un syst\u00e8me photovolta\u00efque et remplac\u00e9 notre chauffage au fioul par un chauffage \u00e0 \u00e9nergie renouvelable. De plus, nous avons entrepris d&rsquo;autres mesures d&rsquo;efficacit\u00e9 \u00e9nerg\u00e9tique, telles que par exemple: \u00e9clairage \u00e0 LED, mesures d\u2019efficacit\u00e9 \u00e9nerg\u00e9tique, en particulier pour les machines\/\u00e9quipements qui repr\u00e9sentent une part importante de la consommation d\u2019\u00e9nergie (par ex, minimiser les temps morts) et utilisation de la r\u00e9cup\u00e9ration de chaleur.<\/p>\n<p>&nbsp;<\/p>\n<p><strong>Apimiel contribue financi\u00e8rement \u00e0 des projets climatiques certifi\u00e9s durant leur p\u00e9riode de certification<\/strong>. Cette contribution vise \u00e0 acc\u00e9l\u00e9rer les efforts collectifs en vue de parvenir \u00e0 des \u00e9missions nettes nulles au niveau mondial et soutient les objectifs de d\u00e9veloppement durable des Nations Unies. Les projets soutenus font l&rsquo;objet d&rsquo;audits r\u00e9guliers par des tiers ind\u00e9pendants afin de garantir transparence et responsabilit\u00e9<\/p>\n","protected":false},"excerpt":{"rendered":"<p>La certification ClimatePartner fournit une pr\u00e9sentation transparente de l&rsquo;ensemble de la strat\u00e9gie d&rsquo;action climatique d&rsquo;une entreprise, comprenant les empreintes carbone, les objectifs de r\u00e9duction des \u00e9missions, les r\u00e9ductions mises en \u0153uvre et la contribution financi\u00e8re aux projets de protection climatique dans le monde entier. &nbsp; Pour atteindre leurs objectifs de r\u00e9duction, il est important que [&hellip;]<\/p>\n","protected":false},"author":2,"featured_media":1037,"parent":0,"menu_order":0,"comment_status":"closed","ping_status":"closed","template":"","meta":{"_acf_changed":false,"footnotes":""},"class_list":["post-1048","page","type-page","status-publish","has-post-thumbnail","hentry"],"acf":[],"yoast_head":"<!-- This site is optimized with the Yoast SEO plugin v26.9 - https:\/\/yoast.com\/product\/yoast-seo-wordpress\/ -->\n<title>ClimatePartner - APIMIEL SA<\/title>\n<meta name=\"robots\" content=\"index, follow, max-snippet:-1, max-image-preview:large, max-video-preview:-1\" \/>\n<link rel=\"canonical\" href=\"https:\/\/apimiel.ch\/fr\/climatepartner\/\" \/>\n<meta property=\"og:locale\" content=\"fr_FR\" \/>\n<meta property=\"og:type\" content=\"article\" \/>\n<meta property=\"og:title\" content=\"ClimatePartner - APIMIEL SA\" \/>\n<meta property=\"og:description\" content=\"La certification ClimatePartner fournit une pr\u00e9sentation transparente de l&rsquo;ensemble de la strat\u00e9gie d&rsquo;action climatique d&rsquo;une entreprise, comprenant les empreintes carbone, les objectifs de r\u00e9duction des \u00e9missions, les r\u00e9ductions mises en \u0153uvre et la contribution financi\u00e8re aux projets de protection climatique dans le monde entier. &nbsp; Pour atteindre leurs objectifs de r\u00e9duction, il est important que [&hellip;]\" \/>\n<meta property=\"og:url\" content=\"https:\/\/apimiel.ch\/fr\/climatepartner\/\" \/>\n<meta property=\"og:site_name\" content=\"APIMIEL SA\" \/>\n<meta property=\"article:modified_time\" content=\"2025-09-02T07:56:09+00:00\" \/>\n<meta property=\"og:image\" content=\"https:\/\/apimiel.ch\/wp-content\/uploads\/2025\/09\/pannelli_solari.jpg\" \/>\n\t<meta property=\"og:image:width\" content=\"2000\" \/>\n\t<meta property=\"og:image:height\" content=\"1333\" \/>\n\t<meta property=\"og:image:type\" content=\"image\/jpeg\" \/>\n<meta name=\"twitter:card\" content=\"summary_large_image\" \/>\n<meta name=\"twitter:label1\" content=\"Dur\u00e9e de lecture estim\u00e9e\" \/>\n\t<meta name=\"twitter:data1\" content=\"2 minutes\" \/>\n<script type=\"application\/ld+json\" class=\"yoast-schema-graph\">{\"@context\":\"https:\/\/schema.org\",\"@graph\":[{\"@type\":\"WebPage\",\"@id\":\"https:\/\/apimiel.ch\/fr\/climatepartner\/\",\"url\":\"https:\/\/apimiel.ch\/fr\/climatepartner\/\",\"name\":\"ClimatePartner - APIMIEL SA\",\"isPartOf\":{\"@id\":\"https:\/\/apimiel.ch\/fr\/#website\"},\"primaryImageOfPage\":{\"@id\":\"https:\/\/apimiel.ch\/fr\/climatepartner\/#primaryimage\"},\"image\":{\"@id\":\"https:\/\/apimiel.ch\/fr\/climatepartner\/#primaryimage\"},\"thumbnailUrl\":\"https:\/\/apimiel.ch\/wp-content\/uploads\/2025\/09\/pannelli_solari.jpg\",\"datePublished\":\"2025-09-02T07:50:05+00:00\",\"dateModified\":\"2025-09-02T07:56:09+00:00\",\"breadcrumb\":{\"@id\":\"https:\/\/apimiel.ch\/fr\/climatepartner\/#breadcrumb\"},\"inLanguage\":\"fr-FR\",\"potentialAction\":[{\"@type\":\"ReadAction\",\"target\":[\"https:\/\/apimiel.ch\/fr\/climatepartner\/\"]}]},{\"@type\":\"ImageObject\",\"inLanguage\":\"fr-FR\",\"@id\":\"https:\/\/apimiel.ch\/fr\/climatepartner\/#primaryimage\",\"url\":\"https:\/\/apimiel.ch\/wp-content\/uploads\/2025\/09\/pannelli_solari.jpg\",\"contentUrl\":\"https:\/\/apimiel.ch\/wp-content\/uploads\/2025\/09\/pannelli_solari.jpg\",\"width\":2000,\"height\":1333},{\"@type\":\"BreadcrumbList\",\"@id\":\"https:\/\/apimiel.ch\/fr\/climatepartner\/#breadcrumb\",\"itemListElement\":[{\"@type\":\"ListItem\",\"position\":1,\"name\":\"Home\",\"item\":\"https:\/\/apimiel.ch\/fr\/\"},{\"@type\":\"ListItem\",\"position\":2,\"name\":\"ClimatePartner\"}]},{\"@type\":\"WebSite\",\"@id\":\"https:\/\/apimiel.ch\/fr\/#website\",\"url\":\"https:\/\/apimiel.ch\/fr\/\",\"name\":\"APIMIEL SA\",\"description\":\"Garantie par les abeilles\",\"potentialAction\":[{\"@type\":\"SearchAction\",\"target\":{\"@type\":\"EntryPoint\",\"urlTemplate\":\"https:\/\/apimiel.ch\/fr\/?s={search_term_string}\"},\"query-input\":{\"@type\":\"PropertyValueSpecification\",\"valueRequired\":true,\"valueName\":\"search_term_string\"}}],\"inLanguage\":\"fr-FR\"}]}<\/script>\n<!-- \/ Yoast SEO plugin. -->","yoast_head_json":{"title":"ClimatePartner - APIMIEL SA","robots":{"index":"index","follow":"follow","max-snippet":"max-snippet:-1","max-image-preview":"max-image-preview:large","max-video-preview":"max-video-preview:-1"},"canonical":"https:\/\/apimiel.ch\/fr\/climatepartner\/","og_locale":"fr_FR","og_type":"article","og_title":"ClimatePartner - APIMIEL SA","og_description":"La certification ClimatePartner fournit une pr\u00e9sentation transparente de l&rsquo;ensemble de la strat\u00e9gie d&rsquo;action climatique d&rsquo;une entreprise, comprenant les empreintes carbone, les objectifs de r\u00e9duction des \u00e9missions, les r\u00e9ductions mises en \u0153uvre et la contribution financi\u00e8re aux projets de protection climatique dans le monde entier. &nbsp; Pour atteindre leurs objectifs de r\u00e9duction, il est important que [&hellip;]","og_url":"https:\/\/apimiel.ch\/fr\/climatepartner\/","og_site_name":"APIMIEL SA","article_modified_time":"2025-09-02T07:56:09+00:00","og_image":[{"width":2000,"height":1333,"url":"https:\/\/apimiel.ch\/wp-content\/uploads\/2025\/09\/pannelli_solari.jpg","type":"image\/jpeg"}],"twitter_card":"summary_large_image","twitter_misc":{"Dur\u00e9e de lecture estim\u00e9e":"2 minutes"},"schema":{"@context":"https:\/\/schema.org","@graph":[{"@type":"WebPage","@id":"https:\/\/apimiel.ch\/fr\/climatepartner\/","url":"https:\/\/apimiel.ch\/fr\/climatepartner\/","name":"ClimatePartner - APIMIEL SA","isPartOf":{"@id":"https:\/\/apimiel.ch\/fr\/#website"},"primaryImageOfPage":{"@id":"https:\/\/apimiel.ch\/fr\/climatepartner\/#primaryimage"},"image":{"@id":"https:\/\/apimiel.ch\/fr\/climatepartner\/#primaryimage"},"thumbnailUrl":"https:\/\/apimiel.ch\/wp-content\/uploads\/2025\/09\/pannelli_solari.jpg","datePublished":"2025-09-02T07:50:05+00:00","dateModified":"2025-09-02T07:56:09+00:00","breadcrumb":{"@id":"https:\/\/apimiel.ch\/fr\/climatepartner\/#breadcrumb"},"inLanguage":"fr-FR","potentialAction":[{"@type":"ReadAction","target":["https:\/\/apimiel.ch\/fr\/climatepartner\/"]}]},{"@type":"ImageObject","inLanguage":"fr-FR","@id":"https:\/\/apimiel.ch\/fr\/climatepartner\/#primaryimage","url":"https:\/\/apimiel.ch\/wp-content\/uploads\/2025\/09\/pannelli_solari.jpg","contentUrl":"https:\/\/apimiel.ch\/wp-content\/uploads\/2025\/09\/pannelli_solari.jpg","width":2000,"height":1333},{"@type":"BreadcrumbList","@id":"https:\/\/apimiel.ch\/fr\/climatepartner\/#breadcrumb","itemListElement":[{"@type":"ListItem","position":1,"name":"Home","item":"https:\/\/apimiel.ch\/fr\/"},{"@type":"ListItem","position":2,"name":"ClimatePartner"}]},{"@type":"WebSite","@id":"https:\/\/apimiel.ch\/fr\/#website","url":"https:\/\/apimiel.ch\/fr\/","name":"APIMIEL SA","description":"Garantie par les abeilles","potentialAction":[{"@type":"SearchAction","target":{"@type":"EntryPoint","urlTemplate":"https:\/\/apimiel.ch\/fr\/?s={search_term_string}"},"query-input":{"@type":"PropertyValueSpecification","valueRequired":true,"valueName":"search_term_string"}}],"inLanguage":"fr-FR"}]}},"_links":{"self":[{"href":"https:\/\/apimiel.ch\/fr\/wp-json\/wp\/v2\/pages\/1048","targetHints":{"allow":["GET"]}}],"collection":[{"href":"https:\/\/apimiel.ch\/fr\/wp-json\/wp\/v2\/pages"}],"about":[{"href":"https:\/\/apimiel.ch\/fr\/wp-json\/wp\/v2\/types\/page"}],"author":[{"embeddable":true,"href":"https:\/\/apimiel.ch\/fr\/wp-json\/wp\/v2\/users\/2"}],"replies":[{"embeddable":true,"href":"https:\/\/apimiel.ch\/fr\/wp-json\/wp\/v2\/comments?post=1048"}],"version-history":[{"count":4,"href":"https:\/\/apimiel.ch\/fr\/wp-json\/wp\/v2\/pages\/1048\/revisions"}],"predecessor-version":[{"id":1059,"href":"https:\/\/apimiel.ch\/fr\/wp-json\/wp\/v2\/pages\/1048\/revisions\/1059"}],"wp:featuredmedia":[{"embeddable":true,"href":"https:\/\/apimiel.ch\/fr\/wp-json\/wp\/v2\/media\/1037"}],"wp:attachment":[{"href":"https:\/\/apimiel.ch\/fr\/wp-json\/wp\/v2\/media?parent=1048"}],"curies":[{"name":"wp","href":"https:\/\/api.w.org\/{rel}","templated":true}]}}