{"id":757,"date":"2025-07-23T10:43:43","date_gmt":"2025-07-23T10:43:43","guid":{"rendered":"https:\/\/apimiel.ch\/confezioni-regalo\/"},"modified":"2025-07-25T10:42:58","modified_gmt":"2025-07-25T10:42:58","slug":"confezioni-regalo","status":"publish","type":"page","link":"https:\/\/apimiel.ch\/de\/confezioni-regalo\/","title":{"rendered":"Geschenkpackungen"},"content":{"rendered":"<h1 style=\"text-align: center;\">Anpassung<\/h1>\n<p style=\"text-align: center;\">Stellen Sie Ihre Geschenkpackung individuell aus folgenden Honigsorten zusammen:<\/p>\n<p style=\"text-align: center;\"><strong>Miele Nero<\/strong><\/p>\n<p style=\"text-align: center;\"><strong>Kastanienhonig CH<\/strong><\/p>\n<p style=\"text-align: center;\"><strong>Schweizer Honig<\/strong><\/p>\n<p style=\"text-align: center;\"><strong>Vallemaggia Honig<\/strong><\/p>\n<p style=\"text-align: center;\"><strong>Tessiner Honig<\/strong><\/p>\n<p style=\"text-align: center;\"><strong>100% Val Poschiavo Bio-Honig<\/strong><\/p>\n<p>&nbsp;<\/p>\n<p style=\"text-align: center;\">AUF ANFRAGE<\/p>\n<p style=\"text-align: center;\"><strong>Akazienhonig CH<\/strong><\/p>\n<p style=\"text-align: center;\"><strong>B\u00fcndner Honig<\/strong><\/p>\n<p style=\"text-align: center;\"><strong>Jura Honig<\/strong><\/p>\n<p style=\"text-align: center;\">Gerne erf\u00fcllen wir auch spezielle W\u00fcnsche.<\/p>\n<p>&nbsp;<\/p>\n<h1 style=\"text-align: center;\">Gr\u00f6ssen<\/h1>\n<p style=\"text-align: center;\"><strong>Geschenkpackung mit 2 Gl\u00e4sern zu 250 g<\/strong><\/p>\n<p style=\"text-align: center;\"><strong>Geschenkpackung mit 3 Gl\u00e4sern zu 250 g<\/strong><\/p>\n","protected":false},"excerpt":{"rendered":"<p>Anpassung Stellen Sie Ihre Geschenkpackung individuell aus folgenden Honigsorten zusammen: Miele Nero Kastanienhonig CH Schweizer Honig Vallemaggia Honig Tessiner Honig 100% Val Poschiavo Bio-Honig &nbsp; AUF ANFRAGE Akazienhonig CH B\u00fcndner Honig Jura Honig Gerne erf\u00fcllen wir auch spezielle W\u00fcnsche. &nbsp; Gr\u00f6ssen Geschenkpackung mit 2 Gl\u00e4sern zu 250 g Geschenkpackung mit 3 Gl\u00e4sern zu 250 g<\/p>\n","protected":false},"author":2,"featured_media":748,"parent":0,"menu_order":0,"comment_status":"closed","ping_status":"closed","template":"","meta":{"_acf_changed":false,"footnotes":""},"class_list":["post-757","page","type-page","status-publish","has-post-thumbnail","hentry"],"acf":[],"yoast_head":"<!-- This site is optimized with the Yoast SEO plugin v26.9 - https:\/\/yoast.com\/product\/yoast-seo-wordpress\/ -->\n<title>Geschenkpackungen - APIMIEL SA<\/title>\n<meta name=\"robots\" content=\"index, follow, max-snippet:-1, max-image-preview:large, max-video-preview:-1\" \/>\n<link rel=\"canonical\" href=\"https:\/\/apimiel.ch\/de\/confezioni-regalo\/\" \/>\n<meta property=\"og:locale\" content=\"de_DE\" \/>\n<meta property=\"og:type\" content=\"article\" \/>\n<meta property=\"og:title\" content=\"Geschenkpackungen - APIMIEL SA\" \/>\n<meta property=\"og:description\" content=\"Anpassung Stellen Sie Ihre Geschenkpackung individuell aus folgenden Honigsorten zusammen: Miele Nero Kastanienhonig CH Schweizer Honig Vallemaggia Honig Tessiner Honig 100% Val Poschiavo Bio-Honig &nbsp; AUF ANFRAGE Akazienhonig CH B\u00fcndner Honig Jura Honig Gerne erf\u00fcllen wir auch spezielle W\u00fcnsche. &nbsp; Gr\u00f6ssen Geschenkpackung mit 2 Gl\u00e4sern zu 250 g Geschenkpackung mit 3 Gl\u00e4sern zu 250 g\" \/>\n<meta property=\"og:url\" content=\"https:\/\/apimiel.ch\/de\/confezioni-regalo\/\" \/>\n<meta property=\"og:site_name\" content=\"APIMIEL SA\" \/>\n<meta property=\"article:modified_time\" content=\"2025-07-25T10:42:58+00:00\" \/>\n<meta property=\"og:image\" content=\"https:\/\/apimiel.ch\/wp-content\/uploads\/2025\/07\/regalo_001_n.jpg\" \/>\n\t<meta property=\"og:image:width\" content=\"1024\" \/>\n\t<meta property=\"og:image:height\" content=\"400\" \/>\n\t<meta property=\"og:image:type\" content=\"image\/jpeg\" \/>\n<meta name=\"twitter:card\" content=\"summary_large_image\" \/>\n<meta name=\"twitter:label1\" content=\"Gesch\u00e4tzte Lesezeit\" \/>\n\t<meta name=\"twitter:data1\" content=\"1\u00a0Minute\" \/>\n<script type=\"application\/ld+json\" class=\"yoast-schema-graph\">{\"@context\":\"https:\/\/schema.org\",\"@graph\":[{\"@type\":\"WebPage\",\"@id\":\"https:\/\/apimiel.ch\/de\/confezioni-regalo\/\",\"url\":\"https:\/\/apimiel.ch\/de\/confezioni-regalo\/\",\"name\":\"Geschenkpackungen - APIMIEL SA\",\"isPartOf\":{\"@id\":\"https:\/\/apimiel.ch\/de\/#website\"},\"primaryImageOfPage\":{\"@id\":\"https:\/\/apimiel.ch\/de\/confezioni-regalo\/#primaryimage\"},\"image\":{\"@id\":\"https:\/\/apimiel.ch\/de\/confezioni-regalo\/#primaryimage\"},\"thumbnailUrl\":\"https:\/\/apimiel.ch\/wp-content\/uploads\/2025\/07\/regalo_001_n.jpg\",\"datePublished\":\"2025-07-23T10:43:43+00:00\",\"dateModified\":\"2025-07-25T10:42:58+00:00\",\"breadcrumb\":{\"@id\":\"https:\/\/apimiel.ch\/de\/confezioni-regalo\/#breadcrumb\"},\"inLanguage\":\"de\",\"potentialAction\":[{\"@type\":\"ReadAction\",\"target\":[\"https:\/\/apimiel.ch\/de\/confezioni-regalo\/\"]}]},{\"@type\":\"ImageObject\",\"inLanguage\":\"de\",\"@id\":\"https:\/\/apimiel.ch\/de\/confezioni-regalo\/#primaryimage\",\"url\":\"https:\/\/apimiel.ch\/wp-content\/uploads\/2025\/07\/regalo_001_n.jpg\",\"contentUrl\":\"https:\/\/apimiel.ch\/wp-content\/uploads\/2025\/07\/regalo_001_n.jpg\",\"width\":1024,\"height\":400},{\"@type\":\"BreadcrumbList\",\"@id\":\"https:\/\/apimiel.ch\/de\/confezioni-regalo\/#breadcrumb\",\"itemListElement\":[{\"@type\":\"ListItem\",\"position\":1,\"name\":\"Home\",\"item\":\"https:\/\/apimiel.ch\/de\/\"},{\"@type\":\"ListItem\",\"position\":2,\"name\":\"Geschenkpackungen\"}]},{\"@type\":\"WebSite\",\"@id\":\"https:\/\/apimiel.ch\/de\/#website\",\"url\":\"https:\/\/apimiel.ch\/de\/\",\"name\":\"APIMIEL SA\",\"description\":\"Von den Bienen garantiert\",\"potentialAction\":[{\"@type\":\"SearchAction\",\"target\":{\"@type\":\"EntryPoint\",\"urlTemplate\":\"https:\/\/apimiel.ch\/de\/?s={search_term_string}\"},\"query-input\":{\"@type\":\"PropertyValueSpecification\",\"valueRequired\":true,\"valueName\":\"search_term_string\"}}],\"inLanguage\":\"de\"}]}<\/script>\n<!-- \/ Yoast SEO plugin. -->","yoast_head_json":{"title":"Geschenkpackungen - APIMIEL SA","robots":{"index":"index","follow":"follow","max-snippet":"max-snippet:-1","max-image-preview":"max-image-preview:large","max-video-preview":"max-video-preview:-1"},"canonical":"https:\/\/apimiel.ch\/de\/confezioni-regalo\/","og_locale":"de_DE","og_type":"article","og_title":"Geschenkpackungen - APIMIEL SA","og_description":"Anpassung Stellen Sie Ihre Geschenkpackung individuell aus folgenden Honigsorten zusammen: Miele Nero Kastanienhonig CH Schweizer Honig Vallemaggia Honig Tessiner Honig 100% Val Poschiavo Bio-Honig &nbsp; AUF ANFRAGE Akazienhonig CH B\u00fcndner Honig Jura Honig Gerne erf\u00fcllen wir auch spezielle W\u00fcnsche. &nbsp; Gr\u00f6ssen Geschenkpackung mit 2 Gl\u00e4sern zu 250 g Geschenkpackung mit 3 Gl\u00e4sern zu 250 g","og_url":"https:\/\/apimiel.ch\/de\/confezioni-regalo\/","og_site_name":"APIMIEL SA","article_modified_time":"2025-07-25T10:42:58+00:00","og_image":[{"width":1024,"height":400,"url":"https:\/\/apimiel.ch\/wp-content\/uploads\/2025\/07\/regalo_001_n.jpg","type":"image\/jpeg"}],"twitter_card":"summary_large_image","twitter_misc":{"Gesch\u00e4tzte Lesezeit":"1\u00a0Minute"},"schema":{"@context":"https:\/\/schema.org","@graph":[{"@type":"WebPage","@id":"https:\/\/apimiel.ch\/de\/confezioni-regalo\/","url":"https:\/\/apimiel.ch\/de\/confezioni-regalo\/","name":"Geschenkpackungen - APIMIEL SA","isPartOf":{"@id":"https:\/\/apimiel.ch\/de\/#website"},"primaryImageOfPage":{"@id":"https:\/\/apimiel.ch\/de\/confezioni-regalo\/#primaryimage"},"image":{"@id":"https:\/\/apimiel.ch\/de\/confezioni-regalo\/#primaryimage"},"thumbnailUrl":"https:\/\/apimiel.ch\/wp-content\/uploads\/2025\/07\/regalo_001_n.jpg","datePublished":"2025-07-23T10:43:43+00:00","dateModified":"2025-07-25T10:42:58+00:00","breadcrumb":{"@id":"https:\/\/apimiel.ch\/de\/confezioni-regalo\/#breadcrumb"},"inLanguage":"de","potentialAction":[{"@type":"ReadAction","target":["https:\/\/apimiel.ch\/de\/confezioni-regalo\/"]}]},{"@type":"ImageObject","inLanguage":"de","@id":"https:\/\/apimiel.ch\/de\/confezioni-regalo\/#primaryimage","url":"https:\/\/apimiel.ch\/wp-content\/uploads\/2025\/07\/regalo_001_n.jpg","contentUrl":"https:\/\/apimiel.ch\/wp-content\/uploads\/2025\/07\/regalo_001_n.jpg","width":1024,"height":400},{"@type":"BreadcrumbList","@id":"https:\/\/apimiel.ch\/de\/confezioni-regalo\/#breadcrumb","itemListElement":[{"@type":"ListItem","position":1,"name":"Home","item":"https:\/\/apimiel.ch\/de\/"},{"@type":"ListItem","position":2,"name":"Geschenkpackungen"}]},{"@type":"WebSite","@id":"https:\/\/apimiel.ch\/de\/#website","url":"https:\/\/apimiel.ch\/de\/","name":"APIMIEL SA","description":"Von den Bienen garantiert","potentialAction":[{"@type":"SearchAction","target":{"@type":"EntryPoint","urlTemplate":"https:\/\/apimiel.ch\/de\/?s={search_term_string}"},"query-input":{"@type":"PropertyValueSpecification","valueRequired":true,"valueName":"search_term_string"}}],"inLanguage":"de"}]}},"_links":{"self":[{"href":"https:\/\/apimiel.ch\/de\/wp-json\/wp\/v2\/pages\/757","targetHints":{"allow":["GET"]}}],"collection":[{"href":"https:\/\/apimiel.ch\/de\/wp-json\/wp\/v2\/pages"}],"about":[{"href":"https:\/\/apimiel.ch\/de\/wp-json\/wp\/v2\/types\/page"}],"author":[{"embeddable":true,"href":"https:\/\/apimiel.ch\/de\/wp-json\/wp\/v2\/users\/2"}],"replies":[{"embeddable":true,"href":"https:\/\/apimiel.ch\/de\/wp-json\/wp\/v2\/comments?post=757"}],"version-history":[{"count":7,"href":"https:\/\/apimiel.ch\/de\/wp-json\/wp\/v2\/pages\/757\/revisions"}],"predecessor-version":[{"id":1001,"href":"https:\/\/apimiel.ch\/de\/wp-json\/wp\/v2\/pages\/757\/revisions\/1001"}],"wp:featuredmedia":[{"embeddable":true,"href":"https:\/\/apimiel.ch\/de\/wp-json\/wp\/v2\/media\/748"}],"wp:attachment":[{"href":"https:\/\/apimiel.ch\/de\/wp-json\/wp\/v2\/media?parent=757"}],"curies":[{"name":"wp","href":"https:\/\/api.w.org\/{rel}","templated":true}]}}