{"id":411,"date":"2025-07-18T07:56:16","date_gmt":"2025-07-18T07:56:16","guid":{"rendered":"https:\/\/apimiel.ch\/il-miele\/"},"modified":"2025-07-24T11:44:06","modified_gmt":"2025-07-24T11:44:06","slug":"il-miele","status":"publish","type":"page","link":"https:\/\/apimiel.ch\/de\/il-miele\/","title":{"rendered":"Honig"},"content":{"rendered":"<h1 style=\"text-align: center;\">F\u00dcR DIE G\u00d6TTER UND DIE SCH\u00d6NHEIT<\/h1>\n<p style=\"text-align: center;\">Schon im antiken \u00c4gypten wurde der Honig so hoch gesch\u00e4tzt, dass er den G\u00f6ttern geopfert wurde.<\/p>\n<p style=\"text-align: center;\">Die Griechen und R\u00f6mer hingegen wussten ihn als Heilmittel und Sch\u00f6nheitsprodukt zu w\u00fcrdigen.<\/p>\n<h1 style=\"text-align: center;\">GEGEN HUSTEN<\/h1>\n<p style=\"text-align: center;\">Gegen Husten, Halsschmerzen, Bronchitis etc. ist die Wirkung einer warmen Tasse Milch mit Honig unbestritten.<\/p>\n<p style=\"text-align: center;\">Man trinke f\u00fcr vier oder f\u00fcnf Abende stark mit Honig ges\u00fcsste Milch als nat\u00fcrliche Abhilfe gegen solche Beschwerden.<\/p>\n<h1 style=\"text-align: center;\">GEGEN SCHLAFLOSIGKEIT<\/h1>\n<p style=\"text-align: center;\">Es ist eine japanische Tradition, vor dem Schlaf ein Glas lauwarmes Wasser mit geschmolzenem Honig zu trinken, um einen erholsamen Schlaf einzuleiten.<\/p>\n<p>&nbsp;<\/p>\n<h1 style=\"text-align: center;\"><strong>Eigenschaften des Honigs<\/strong><\/h1>\n<p style=\"text-align: left;\">Honig ist ein nat\u00fcrliches Nahrungsmittel, das keinerlei Verarbeitung oder Ver\u00e4nderung von menschlicher Hand unterworfen wird. Die Hauptbestandteile sind Zucker, Wasser, organische S\u00e4uren, Mineralsalze, Enzyme und andere. Honig ist ein Nahrungsmittel mit hohem N\u00e4hrwert und sehr einfach aufzunehmen: die Glukose liefert unmittelbar zur Verf\u00fcgung stehende Energie, die Fruktose hingegen wird metabolisiert und stellt eine energetische Reserve dar. Hundert Gramm Honig liefern ca. 320 Kalorien.<\/p>\n<p style=\"text-align: left;\">Honig war bereits das Objekt unz\u00e4hliger Studien und trotz weniger kritischer Stimmen verf\u00fcgt das Nahrungsmittel \u00fcber verschiedene therapeutische und energetische Eigenschaften. Vor allem ist Honig bekannt f\u00fcr die lindernde Wirkung bei Husten, aber der Konsum f\u00f6rdert auch den Aufbau von Kalzium und Magnesium in den Knochen und die Blutzirkulation. Ausserdem wirkt Honig auch antibakteriell und regelm\u00e4ssiger Genuss von Honig st\u00e4rkt die Abwehrkr\u00e4fte des K\u00f6rpers.<\/p>\n<p style=\"text-align: left;\">Honig ist speziell empfehlenswert f\u00fcr Sportler, f\u00fcr Leute mit erh\u00f6hter intellektueller Anstrengung, w\u00e4hrend der Genesungszeit und f\u00fcr schwangere Frauen. Kinder d\u00fcrfen sich einer besonders positiven Wirkung in bezug auf das Wachstum erfreuen. Es ist ebenfalls bei der Ern\u00e4hrung von \u00e4lteren Leuten sehr empfehlenswert.<\/p>\n","protected":false},"excerpt":{"rendered":"<p>F\u00dcR DIE G\u00d6TTER UND DIE SCH\u00d6NHEIT Schon im antiken \u00c4gypten wurde der Honig so hoch gesch\u00e4tzt, dass er den G\u00f6ttern geopfert wurde. Die Griechen und R\u00f6mer hingegen wussten ihn als Heilmittel und Sch\u00f6nheitsprodukt zu w\u00fcrdigen. GEGEN HUSTEN Gegen Husten, Halsschmerzen, Bronchitis etc. ist die Wirkung einer warmen Tasse Milch mit Honig unbestritten. Man trinke f\u00fcr [&hellip;]<\/p>\n","protected":false},"author":2,"featured_media":0,"parent":0,"menu_order":0,"comment_status":"closed","ping_status":"closed","template":"","meta":{"_acf_changed":false,"footnotes":""},"class_list":["post-411","page","type-page","status-publish","hentry"],"acf":[],"yoast_head":"<!-- This site is optimized with the Yoast SEO plugin v26.9 - https:\/\/yoast.com\/product\/yoast-seo-wordpress\/ -->\n<title>Honig - APIMIEL SA<\/title>\n<meta name=\"robots\" content=\"index, follow, max-snippet:-1, max-image-preview:large, max-video-preview:-1\" \/>\n<link rel=\"canonical\" href=\"https:\/\/apimiel.ch\/de\/il-miele\/\" \/>\n<meta property=\"og:locale\" content=\"de_DE\" \/>\n<meta property=\"og:type\" content=\"article\" \/>\n<meta property=\"og:title\" content=\"Honig - APIMIEL SA\" \/>\n<meta property=\"og:description\" content=\"F\u00dcR DIE G\u00d6TTER UND DIE SCH\u00d6NHEIT Schon im antiken \u00c4gypten wurde der Honig so hoch gesch\u00e4tzt, dass er den G\u00f6ttern geopfert wurde. Die Griechen und R\u00f6mer hingegen wussten ihn als Heilmittel und Sch\u00f6nheitsprodukt zu w\u00fcrdigen. GEGEN HUSTEN Gegen Husten, Halsschmerzen, Bronchitis etc. ist die Wirkung einer warmen Tasse Milch mit Honig unbestritten. Man trinke f\u00fcr [&hellip;]\" \/>\n<meta property=\"og:url\" content=\"https:\/\/apimiel.ch\/de\/il-miele\/\" \/>\n<meta property=\"og:site_name\" content=\"APIMIEL SA\" \/>\n<meta property=\"article:modified_time\" content=\"2025-07-24T11:44:06+00:00\" \/>\n<meta name=\"twitter:card\" content=\"summary_large_image\" \/>\n<meta name=\"twitter:label1\" content=\"Gesch\u00e4tzte Lesezeit\" \/>\n\t<meta name=\"twitter:data1\" content=\"2\u00a0Minuten\" \/>\n<script type=\"application\/ld+json\" class=\"yoast-schema-graph\">{\"@context\":\"https:\/\/schema.org\",\"@graph\":[{\"@type\":\"WebPage\",\"@id\":\"https:\/\/apimiel.ch\/de\/il-miele\/\",\"url\":\"https:\/\/apimiel.ch\/de\/il-miele\/\",\"name\":\"Honig - APIMIEL SA\",\"isPartOf\":{\"@id\":\"https:\/\/apimiel.ch\/de\/#website\"},\"datePublished\":\"2025-07-18T07:56:16+00:00\",\"dateModified\":\"2025-07-24T11:44:06+00:00\",\"breadcrumb\":{\"@id\":\"https:\/\/apimiel.ch\/de\/il-miele\/#breadcrumb\"},\"inLanguage\":\"de\",\"potentialAction\":[{\"@type\":\"ReadAction\",\"target\":[\"https:\/\/apimiel.ch\/de\/il-miele\/\"]}]},{\"@type\":\"BreadcrumbList\",\"@id\":\"https:\/\/apimiel.ch\/de\/il-miele\/#breadcrumb\",\"itemListElement\":[{\"@type\":\"ListItem\",\"position\":1,\"name\":\"Home\",\"item\":\"https:\/\/apimiel.ch\/de\/\"},{\"@type\":\"ListItem\",\"position\":2,\"name\":\"Honig\"}]},{\"@type\":\"WebSite\",\"@id\":\"https:\/\/apimiel.ch\/de\/#website\",\"url\":\"https:\/\/apimiel.ch\/de\/\",\"name\":\"APIMIEL SA\",\"description\":\"Von den Bienen garantiert\",\"potentialAction\":[{\"@type\":\"SearchAction\",\"target\":{\"@type\":\"EntryPoint\",\"urlTemplate\":\"https:\/\/apimiel.ch\/de\/?s={search_term_string}\"},\"query-input\":{\"@type\":\"PropertyValueSpecification\",\"valueRequired\":true,\"valueName\":\"search_term_string\"}}],\"inLanguage\":\"de\"}]}<\/script>\n<!-- \/ Yoast SEO plugin. -->","yoast_head_json":{"title":"Honig - APIMIEL SA","robots":{"index":"index","follow":"follow","max-snippet":"max-snippet:-1","max-image-preview":"max-image-preview:large","max-video-preview":"max-video-preview:-1"},"canonical":"https:\/\/apimiel.ch\/de\/il-miele\/","og_locale":"de_DE","og_type":"article","og_title":"Honig - APIMIEL SA","og_description":"F\u00dcR DIE G\u00d6TTER UND DIE SCH\u00d6NHEIT Schon im antiken \u00c4gypten wurde der Honig so hoch gesch\u00e4tzt, dass er den G\u00f6ttern geopfert wurde. Die Griechen und R\u00f6mer hingegen wussten ihn als Heilmittel und Sch\u00f6nheitsprodukt zu w\u00fcrdigen. GEGEN HUSTEN Gegen Husten, Halsschmerzen, Bronchitis etc. ist die Wirkung einer warmen Tasse Milch mit Honig unbestritten. Man trinke f\u00fcr [&hellip;]","og_url":"https:\/\/apimiel.ch\/de\/il-miele\/","og_site_name":"APIMIEL SA","article_modified_time":"2025-07-24T11:44:06+00:00","twitter_card":"summary_large_image","twitter_misc":{"Gesch\u00e4tzte Lesezeit":"2\u00a0Minuten"},"schema":{"@context":"https:\/\/schema.org","@graph":[{"@type":"WebPage","@id":"https:\/\/apimiel.ch\/de\/il-miele\/","url":"https:\/\/apimiel.ch\/de\/il-miele\/","name":"Honig - APIMIEL SA","isPartOf":{"@id":"https:\/\/apimiel.ch\/de\/#website"},"datePublished":"2025-07-18T07:56:16+00:00","dateModified":"2025-07-24T11:44:06+00:00","breadcrumb":{"@id":"https:\/\/apimiel.ch\/de\/il-miele\/#breadcrumb"},"inLanguage":"de","potentialAction":[{"@type":"ReadAction","target":["https:\/\/apimiel.ch\/de\/il-miele\/"]}]},{"@type":"BreadcrumbList","@id":"https:\/\/apimiel.ch\/de\/il-miele\/#breadcrumb","itemListElement":[{"@type":"ListItem","position":1,"name":"Home","item":"https:\/\/apimiel.ch\/de\/"},{"@type":"ListItem","position":2,"name":"Honig"}]},{"@type":"WebSite","@id":"https:\/\/apimiel.ch\/de\/#website","url":"https:\/\/apimiel.ch\/de\/","name":"APIMIEL SA","description":"Von den Bienen garantiert","potentialAction":[{"@type":"SearchAction","target":{"@type":"EntryPoint","urlTemplate":"https:\/\/apimiel.ch\/de\/?s={search_term_string}"},"query-input":{"@type":"PropertyValueSpecification","valueRequired":true,"valueName":"search_term_string"}}],"inLanguage":"de"}]}},"_links":{"self":[{"href":"https:\/\/apimiel.ch\/de\/wp-json\/wp\/v2\/pages\/411","targetHints":{"allow":["GET"]}}],"collection":[{"href":"https:\/\/apimiel.ch\/de\/wp-json\/wp\/v2\/pages"}],"about":[{"href":"https:\/\/apimiel.ch\/de\/wp-json\/wp\/v2\/types\/page"}],"author":[{"embeddable":true,"href":"https:\/\/apimiel.ch\/de\/wp-json\/wp\/v2\/users\/2"}],"replies":[{"embeddable":true,"href":"https:\/\/apimiel.ch\/de\/wp-json\/wp\/v2\/comments?post=411"}],"version-history":[{"count":5,"href":"https:\/\/apimiel.ch\/de\/wp-json\/wp\/v2\/pages\/411\/revisions"}],"predecessor-version":[{"id":907,"href":"https:\/\/apimiel.ch\/de\/wp-json\/wp\/v2\/pages\/411\/revisions\/907"}],"wp:attachment":[{"href":"https:\/\/apimiel.ch\/de\/wp-json\/wp\/v2\/media?parent=411"}],"curies":[{"name":"wp","href":"https:\/\/api.w.org\/{rel}","templated":true}]}}