{"id":343,"date":"2025-07-18T07:52:28","date_gmt":"2025-07-18T07:52:28","guid":{"rendered":"https:\/\/apimiel.ch\/azienda\/"},"modified":"2025-07-24T11:37:10","modified_gmt":"2025-07-24T11:37:10","slug":"azienda","status":"publish","type":"page","link":"https:\/\/apimiel.ch\/de\/azienda\/","title":{"rendered":"Betrieb"},"content":{"rendered":"<h1 style=\"text-align: center;\">Qualit\u00e4tsgarantie.<\/h1>\n<blockquote>\n<p style=\"text-align: center;\">Apimiel ist heute der Spezialist f\u00fcr Produktion, Verarbeitung und Vertrieb von Honig in der Schweiz.<\/p>\n<\/blockquote>\n<p style=\"text-align: center;\">Unsere lange Tradition und Erfahrung haben uns eine vertiefte Kenntnis dieses wunderbaren Naturproduktes eingebracht. Die Qualit\u00e4t des Honigs ist heute Ausdruck unseres Stolzes. Gerne und jederzeit garantieren wir dem Konsumenten einen hervorragenden Qualit\u00e4tsstandard f\u00fcr alle unsere Spezialit\u00e4ten.<\/p>\n<p>&nbsp;<\/p>\n<h1 style=\"text-align: center;\">Betriebsgeschichte<\/h1>\n<p style=\"text-align: center;\">Die grosse Leidenschaft f\u00fcr Bienen nahm ihren Anfang vor \u00fcber sechzig Jahren mit dem Gr\u00fcnder von Apimiel, <strong>Ernesto Dotti<\/strong>.<\/p>\n<p style=\"text-align: center;\">Eine Leidenschaft von ihm, die angesichts der Qualit\u00e4t des produzierten Honigs bald erfolgreich war. So begann die Vermarktung von Honig mit einer gro\u00dfen Anzahl treuer Kunden.<\/p>\n<p>&nbsp;<\/p>\n<p>&nbsp;<\/p>\n","protected":false},"excerpt":{"rendered":"<p>Qualit\u00e4tsgarantie. Apimiel ist heute der Spezialist f\u00fcr Produktion, Verarbeitung und Vertrieb von Honig in der Schweiz. Unsere lange Tradition und Erfahrung haben uns eine vertiefte Kenntnis dieses wunderbaren Naturproduktes eingebracht. Die Qualit\u00e4t des Honigs ist heute Ausdruck unseres Stolzes. Gerne und jederzeit garantieren wir dem Konsumenten einen hervorragenden Qualit\u00e4tsstandard f\u00fcr alle unsere Spezialit\u00e4ten. &nbsp; Betriebsgeschichte [&hellip;]<\/p>\n","protected":false},"author":2,"featured_media":0,"parent":0,"menu_order":0,"comment_status":"closed","ping_status":"closed","template":"","meta":{"_acf_changed":false,"footnotes":""},"class_list":["post-343","page","type-page","status-publish","hentry"],"acf":[],"yoast_head":"<!-- This site is optimized with the Yoast SEO plugin v26.9 - https:\/\/yoast.com\/product\/yoast-seo-wordpress\/ -->\n<title>Betrieb - APIMIEL SA<\/title>\n<meta name=\"robots\" content=\"index, follow, max-snippet:-1, max-image-preview:large, max-video-preview:-1\" \/>\n<link rel=\"canonical\" href=\"https:\/\/apimiel.ch\/de\/azienda\/\" \/>\n<meta property=\"og:locale\" content=\"de_DE\" \/>\n<meta property=\"og:type\" content=\"article\" \/>\n<meta property=\"og:title\" content=\"Betrieb - APIMIEL SA\" \/>\n<meta property=\"og:description\" content=\"Qualit\u00e4tsgarantie. Apimiel ist heute der Spezialist f\u00fcr Produktion, Verarbeitung und Vertrieb von Honig in der Schweiz. Unsere lange Tradition und Erfahrung haben uns eine vertiefte Kenntnis dieses wunderbaren Naturproduktes eingebracht. Die Qualit\u00e4t des Honigs ist heute Ausdruck unseres Stolzes. Gerne und jederzeit garantieren wir dem Konsumenten einen hervorragenden Qualit\u00e4tsstandard f\u00fcr alle unsere Spezialit\u00e4ten. &nbsp; Betriebsgeschichte [&hellip;]\" \/>\n<meta property=\"og:url\" content=\"https:\/\/apimiel.ch\/de\/azienda\/\" \/>\n<meta property=\"og:site_name\" content=\"APIMIEL SA\" \/>\n<meta property=\"article:modified_time\" content=\"2025-07-24T11:37:10+00:00\" \/>\n<meta name=\"twitter:card\" content=\"summary_large_image\" \/>\n<meta name=\"twitter:label1\" content=\"Gesch\u00e4tzte Lesezeit\" \/>\n\t<meta name=\"twitter:data1\" content=\"1\u00a0Minute\" \/>\n<script type=\"application\/ld+json\" class=\"yoast-schema-graph\">{\"@context\":\"https:\/\/schema.org\",\"@graph\":[{\"@type\":\"WebPage\",\"@id\":\"https:\/\/apimiel.ch\/de\/azienda\/\",\"url\":\"https:\/\/apimiel.ch\/de\/azienda\/\",\"name\":\"Betrieb - APIMIEL SA\",\"isPartOf\":{\"@id\":\"https:\/\/apimiel.ch\/de\/#website\"},\"datePublished\":\"2025-07-18T07:52:28+00:00\",\"dateModified\":\"2025-07-24T11:37:10+00:00\",\"breadcrumb\":{\"@id\":\"https:\/\/apimiel.ch\/de\/azienda\/#breadcrumb\"},\"inLanguage\":\"de\",\"potentialAction\":[{\"@type\":\"ReadAction\",\"target\":[\"https:\/\/apimiel.ch\/de\/azienda\/\"]}]},{\"@type\":\"BreadcrumbList\",\"@id\":\"https:\/\/apimiel.ch\/de\/azienda\/#breadcrumb\",\"itemListElement\":[{\"@type\":\"ListItem\",\"position\":1,\"name\":\"Home\",\"item\":\"https:\/\/apimiel.ch\/de\/\"},{\"@type\":\"ListItem\",\"position\":2,\"name\":\"Betrieb\"}]},{\"@type\":\"WebSite\",\"@id\":\"https:\/\/apimiel.ch\/de\/#website\",\"url\":\"https:\/\/apimiel.ch\/de\/\",\"name\":\"APIMIEL SA\",\"description\":\"Von den Bienen garantiert\",\"potentialAction\":[{\"@type\":\"SearchAction\",\"target\":{\"@type\":\"EntryPoint\",\"urlTemplate\":\"https:\/\/apimiel.ch\/de\/?s={search_term_string}\"},\"query-input\":{\"@type\":\"PropertyValueSpecification\",\"valueRequired\":true,\"valueName\":\"search_term_string\"}}],\"inLanguage\":\"de\"}]}<\/script>\n<!-- \/ Yoast SEO plugin. -->","yoast_head_json":{"title":"Betrieb - APIMIEL SA","robots":{"index":"index","follow":"follow","max-snippet":"max-snippet:-1","max-image-preview":"max-image-preview:large","max-video-preview":"max-video-preview:-1"},"canonical":"https:\/\/apimiel.ch\/de\/azienda\/","og_locale":"de_DE","og_type":"article","og_title":"Betrieb - APIMIEL SA","og_description":"Qualit\u00e4tsgarantie. Apimiel ist heute der Spezialist f\u00fcr Produktion, Verarbeitung und Vertrieb von Honig in der Schweiz. Unsere lange Tradition und Erfahrung haben uns eine vertiefte Kenntnis dieses wunderbaren Naturproduktes eingebracht. Die Qualit\u00e4t des Honigs ist heute Ausdruck unseres Stolzes. Gerne und jederzeit garantieren wir dem Konsumenten einen hervorragenden Qualit\u00e4tsstandard f\u00fcr alle unsere Spezialit\u00e4ten. &nbsp; Betriebsgeschichte [&hellip;]","og_url":"https:\/\/apimiel.ch\/de\/azienda\/","og_site_name":"APIMIEL SA","article_modified_time":"2025-07-24T11:37:10+00:00","twitter_card":"summary_large_image","twitter_misc":{"Gesch\u00e4tzte Lesezeit":"1\u00a0Minute"},"schema":{"@context":"https:\/\/schema.org","@graph":[{"@type":"WebPage","@id":"https:\/\/apimiel.ch\/de\/azienda\/","url":"https:\/\/apimiel.ch\/de\/azienda\/","name":"Betrieb - APIMIEL SA","isPartOf":{"@id":"https:\/\/apimiel.ch\/de\/#website"},"datePublished":"2025-07-18T07:52:28+00:00","dateModified":"2025-07-24T11:37:10+00:00","breadcrumb":{"@id":"https:\/\/apimiel.ch\/de\/azienda\/#breadcrumb"},"inLanguage":"de","potentialAction":[{"@type":"ReadAction","target":["https:\/\/apimiel.ch\/de\/azienda\/"]}]},{"@type":"BreadcrumbList","@id":"https:\/\/apimiel.ch\/de\/azienda\/#breadcrumb","itemListElement":[{"@type":"ListItem","position":1,"name":"Home","item":"https:\/\/apimiel.ch\/de\/"},{"@type":"ListItem","position":2,"name":"Betrieb"}]},{"@type":"WebSite","@id":"https:\/\/apimiel.ch\/de\/#website","url":"https:\/\/apimiel.ch\/de\/","name":"APIMIEL SA","description":"Von den Bienen garantiert","potentialAction":[{"@type":"SearchAction","target":{"@type":"EntryPoint","urlTemplate":"https:\/\/apimiel.ch\/de\/?s={search_term_string}"},"query-input":{"@type":"PropertyValueSpecification","valueRequired":true,"valueName":"search_term_string"}}],"inLanguage":"de"}]}},"_links":{"self":[{"href":"https:\/\/apimiel.ch\/de\/wp-json\/wp\/v2\/pages\/343","targetHints":{"allow":["GET"]}}],"collection":[{"href":"https:\/\/apimiel.ch\/de\/wp-json\/wp\/v2\/pages"}],"about":[{"href":"https:\/\/apimiel.ch\/de\/wp-json\/wp\/v2\/types\/page"}],"author":[{"embeddable":true,"href":"https:\/\/apimiel.ch\/de\/wp-json\/wp\/v2\/users\/2"}],"replies":[{"embeddable":true,"href":"https:\/\/apimiel.ch\/de\/wp-json\/wp\/v2\/comments?post=343"}],"version-history":[{"count":1,"href":"https:\/\/apimiel.ch\/de\/wp-json\/wp\/v2\/pages\/343\/revisions"}],"predecessor-version":[{"id":346,"href":"https:\/\/apimiel.ch\/de\/wp-json\/wp\/v2\/pages\/343\/revisions\/346"}],"wp:attachment":[{"href":"https:\/\/apimiel.ch\/de\/wp-json\/wp\/v2\/media?parent=343"}],"curies":[{"name":"wp","href":"https:\/\/api.w.org\/{rel}","templated":true}]}}