{"id":1049,"date":"2025-09-02T07:50:05","date_gmt":"2025-09-02T07:50:05","guid":{"rendered":"https:\/\/apimiel.ch\/?page_id=1049"},"modified":"2025-09-02T08:00:44","modified_gmt":"2025-09-02T08:00:44","slug":"climatepartner","status":"publish","type":"page","link":"https:\/\/apimiel.ch\/de\/climatepartner\/","title":{"rendered":"ClimatePartner"},"content":{"rendered":"<p><a href=\"https:\/\/climate-id.com\/de\/2TAW8W\" target=\"_blank\" rel=\"noopener\">Die ClimatePartner-Zertifizierung<\/a> bietet <strong>eine transparente Offenlegung der gesamten Klimaschutzstrategie eines Unternehmens<\/strong>, einschlie\u00dflich des Carbon Footprints, der Reduktionsziele, der umgesetzten Reduktionen und des finanziellen Beitrags zu Klimaschutzprojekten weltweit.<\/p>\n<p>&nbsp;<\/p>\n<p>Um Reduktionsziele zu erreichen, ist es f\u00fcr Unternehmen wichtig, <strong>konkrete Ma\u00dfnahmen zu planen und umzusetzen.<\/strong><\/p>\n<p>&nbsp;<\/p>\n<p>Um die festgesetzten Ziele zu erreichen, haben wir eine Photovoltaikanlage installiert und unsere \u00d6lheizung durch eine Heizung mit erneuerbarer Energie ersetzt.<br \/>\nAusserdem haben wir weitere Massnahmen zur Steigerung der Energieeffizienz ergriffen, wie zum Beispiel: LED- Beleuchtung, Energieeffizienzma\u00dfnahmen \u2013 besonders f\u00fcr Maschinen\/Anlagen die viel Energie verbrauchen (z. B. Stillstandzeiten minimieren) und W\u00e4rmer\u00fcckgewinnung.<\/p>\n<p>&nbsp;<\/p>\n<p><strong>Apimiel leistet w\u00e4hrend des Zertifizierungszeitraums einen finanziellen Beitrag zu zertifizierten Klimaschutzprojekten<\/strong>. Dieser Beitrag soll die gemeinsamen Anstrengungen zur Erreichung der globalen Netto-Null-Emissionen beschleunigen und unterst\u00fctzt die Ziele f\u00fcr nachhaltige Entwicklung der Vereinten Nationen. Die unterst\u00fctzten Projekte werden regelm\u00e4\u00dfig von unabh\u00e4ngigen Dritten gepr\u00fcft, um Transparenz und Nachweisbarkeit zu gew\u00e4hrleisten<\/p>\n","protected":false},"excerpt":{"rendered":"<p>Die ClimatePartner-Zertifizierung bietet eine transparente Offenlegung der gesamten Klimaschutzstrategie eines Unternehmens, einschlie\u00dflich des Carbon Footprints, der Reduktionsziele, der umgesetzten Reduktionen und des finanziellen Beitrags zu Klimaschutzprojekten weltweit. &nbsp; Um Reduktionsziele zu erreichen, ist es f\u00fcr Unternehmen wichtig, konkrete Ma\u00dfnahmen zu planen und umzusetzen. &nbsp; Um die festgesetzten Ziele zu erreichen, haben wir eine Photovoltaikanlage installiert [&hellip;]<\/p>\n","protected":false},"author":2,"featured_media":1038,"parent":0,"menu_order":0,"comment_status":"closed","ping_status":"closed","template":"","meta":{"_acf_changed":false,"footnotes":""},"class_list":["post-1049","page","type-page","status-publish","has-post-thumbnail","hentry"],"acf":[],"yoast_head":"<!-- This site is optimized with the Yoast SEO plugin v26.9 - https:\/\/yoast.com\/product\/yoast-seo-wordpress\/ -->\n<title>ClimatePartner - APIMIEL SA<\/title>\n<meta name=\"robots\" content=\"index, follow, max-snippet:-1, max-image-preview:large, max-video-preview:-1\" \/>\n<link rel=\"canonical\" href=\"https:\/\/apimiel.ch\/de\/climatepartner\/\" \/>\n<meta property=\"og:locale\" content=\"de_DE\" \/>\n<meta property=\"og:type\" content=\"article\" \/>\n<meta property=\"og:title\" content=\"ClimatePartner - APIMIEL SA\" \/>\n<meta property=\"og:description\" content=\"Die ClimatePartner-Zertifizierung bietet eine transparente Offenlegung der gesamten Klimaschutzstrategie eines Unternehmens, einschlie\u00dflich des Carbon Footprints, der Reduktionsziele, der umgesetzten Reduktionen und des finanziellen Beitrags zu Klimaschutzprojekten weltweit. &nbsp; Um Reduktionsziele zu erreichen, ist es f\u00fcr Unternehmen wichtig, konkrete Ma\u00dfnahmen zu planen und umzusetzen. &nbsp; Um die festgesetzten Ziele zu erreichen, haben wir eine Photovoltaikanlage installiert [&hellip;]\" \/>\n<meta property=\"og:url\" content=\"https:\/\/apimiel.ch\/de\/climatepartner\/\" \/>\n<meta property=\"og:site_name\" content=\"APIMIEL SA\" \/>\n<meta property=\"article:modified_time\" content=\"2025-09-02T08:00:44+00:00\" \/>\n<meta property=\"og:image\" content=\"https:\/\/apimiel.ch\/wp-content\/uploads\/2025\/09\/pannelli_solari.jpg\" \/>\n\t<meta property=\"og:image:width\" content=\"2000\" \/>\n\t<meta property=\"og:image:height\" content=\"1333\" \/>\n\t<meta property=\"og:image:type\" content=\"image\/jpeg\" \/>\n<meta name=\"twitter:card\" content=\"summary_large_image\" \/>\n<meta name=\"twitter:label1\" content=\"Gesch\u00e4tzte Lesezeit\" \/>\n\t<meta name=\"twitter:data1\" content=\"1\u00a0Minute\" \/>\n<script type=\"application\/ld+json\" class=\"yoast-schema-graph\">{\"@context\":\"https:\/\/schema.org\",\"@graph\":[{\"@type\":\"WebPage\",\"@id\":\"https:\/\/apimiel.ch\/de\/climatepartner\/\",\"url\":\"https:\/\/apimiel.ch\/de\/climatepartner\/\",\"name\":\"ClimatePartner - APIMIEL SA\",\"isPartOf\":{\"@id\":\"https:\/\/apimiel.ch\/de\/#website\"},\"primaryImageOfPage\":{\"@id\":\"https:\/\/apimiel.ch\/de\/climatepartner\/#primaryimage\"},\"image\":{\"@id\":\"https:\/\/apimiel.ch\/de\/climatepartner\/#primaryimage\"},\"thumbnailUrl\":\"https:\/\/apimiel.ch\/wp-content\/uploads\/2025\/09\/pannelli_solari.jpg\",\"datePublished\":\"2025-09-02T07:50:05+00:00\",\"dateModified\":\"2025-09-02T08:00:44+00:00\",\"breadcrumb\":{\"@id\":\"https:\/\/apimiel.ch\/de\/climatepartner\/#breadcrumb\"},\"inLanguage\":\"de\",\"potentialAction\":[{\"@type\":\"ReadAction\",\"target\":[\"https:\/\/apimiel.ch\/de\/climatepartner\/\"]}]},{\"@type\":\"ImageObject\",\"inLanguage\":\"de\",\"@id\":\"https:\/\/apimiel.ch\/de\/climatepartner\/#primaryimage\",\"url\":\"https:\/\/apimiel.ch\/wp-content\/uploads\/2025\/09\/pannelli_solari.jpg\",\"contentUrl\":\"https:\/\/apimiel.ch\/wp-content\/uploads\/2025\/09\/pannelli_solari.jpg\",\"width\":2000,\"height\":1333},{\"@type\":\"BreadcrumbList\",\"@id\":\"https:\/\/apimiel.ch\/de\/climatepartner\/#breadcrumb\",\"itemListElement\":[{\"@type\":\"ListItem\",\"position\":1,\"name\":\"Home\",\"item\":\"https:\/\/apimiel.ch\/de\/\"},{\"@type\":\"ListItem\",\"position\":2,\"name\":\"ClimatePartner\"}]},{\"@type\":\"WebSite\",\"@id\":\"https:\/\/apimiel.ch\/de\/#website\",\"url\":\"https:\/\/apimiel.ch\/de\/\",\"name\":\"APIMIEL SA\",\"description\":\"Von den Bienen garantiert\",\"potentialAction\":[{\"@type\":\"SearchAction\",\"target\":{\"@type\":\"EntryPoint\",\"urlTemplate\":\"https:\/\/apimiel.ch\/de\/?s={search_term_string}\"},\"query-input\":{\"@type\":\"PropertyValueSpecification\",\"valueRequired\":true,\"valueName\":\"search_term_string\"}}],\"inLanguage\":\"de\"}]}<\/script>\n<!-- \/ Yoast SEO plugin. -->","yoast_head_json":{"title":"ClimatePartner - APIMIEL SA","robots":{"index":"index","follow":"follow","max-snippet":"max-snippet:-1","max-image-preview":"max-image-preview:large","max-video-preview":"max-video-preview:-1"},"canonical":"https:\/\/apimiel.ch\/de\/climatepartner\/","og_locale":"de_DE","og_type":"article","og_title":"ClimatePartner - APIMIEL SA","og_description":"Die ClimatePartner-Zertifizierung bietet eine transparente Offenlegung der gesamten Klimaschutzstrategie eines Unternehmens, einschlie\u00dflich des Carbon Footprints, der Reduktionsziele, der umgesetzten Reduktionen und des finanziellen Beitrags zu Klimaschutzprojekten weltweit. &nbsp; Um Reduktionsziele zu erreichen, ist es f\u00fcr Unternehmen wichtig, konkrete Ma\u00dfnahmen zu planen und umzusetzen. &nbsp; Um die festgesetzten Ziele zu erreichen, haben wir eine Photovoltaikanlage installiert [&hellip;]","og_url":"https:\/\/apimiel.ch\/de\/climatepartner\/","og_site_name":"APIMIEL SA","article_modified_time":"2025-09-02T08:00:44+00:00","og_image":[{"width":2000,"height":1333,"url":"https:\/\/apimiel.ch\/wp-content\/uploads\/2025\/09\/pannelli_solari.jpg","type":"image\/jpeg"}],"twitter_card":"summary_large_image","twitter_misc":{"Gesch\u00e4tzte Lesezeit":"1\u00a0Minute"},"schema":{"@context":"https:\/\/schema.org","@graph":[{"@type":"WebPage","@id":"https:\/\/apimiel.ch\/de\/climatepartner\/","url":"https:\/\/apimiel.ch\/de\/climatepartner\/","name":"ClimatePartner - APIMIEL SA","isPartOf":{"@id":"https:\/\/apimiel.ch\/de\/#website"},"primaryImageOfPage":{"@id":"https:\/\/apimiel.ch\/de\/climatepartner\/#primaryimage"},"image":{"@id":"https:\/\/apimiel.ch\/de\/climatepartner\/#primaryimage"},"thumbnailUrl":"https:\/\/apimiel.ch\/wp-content\/uploads\/2025\/09\/pannelli_solari.jpg","datePublished":"2025-09-02T07:50:05+00:00","dateModified":"2025-09-02T08:00:44+00:00","breadcrumb":{"@id":"https:\/\/apimiel.ch\/de\/climatepartner\/#breadcrumb"},"inLanguage":"de","potentialAction":[{"@type":"ReadAction","target":["https:\/\/apimiel.ch\/de\/climatepartner\/"]}]},{"@type":"ImageObject","inLanguage":"de","@id":"https:\/\/apimiel.ch\/de\/climatepartner\/#primaryimage","url":"https:\/\/apimiel.ch\/wp-content\/uploads\/2025\/09\/pannelli_solari.jpg","contentUrl":"https:\/\/apimiel.ch\/wp-content\/uploads\/2025\/09\/pannelli_solari.jpg","width":2000,"height":1333},{"@type":"BreadcrumbList","@id":"https:\/\/apimiel.ch\/de\/climatepartner\/#breadcrumb","itemListElement":[{"@type":"ListItem","position":1,"name":"Home","item":"https:\/\/apimiel.ch\/de\/"},{"@type":"ListItem","position":2,"name":"ClimatePartner"}]},{"@type":"WebSite","@id":"https:\/\/apimiel.ch\/de\/#website","url":"https:\/\/apimiel.ch\/de\/","name":"APIMIEL SA","description":"Von den Bienen garantiert","potentialAction":[{"@type":"SearchAction","target":{"@type":"EntryPoint","urlTemplate":"https:\/\/apimiel.ch\/de\/?s={search_term_string}"},"query-input":{"@type":"PropertyValueSpecification","valueRequired":true,"valueName":"search_term_string"}}],"inLanguage":"de"}]}},"_links":{"self":[{"href":"https:\/\/apimiel.ch\/de\/wp-json\/wp\/v2\/pages\/1049","targetHints":{"allow":["GET"]}}],"collection":[{"href":"https:\/\/apimiel.ch\/de\/wp-json\/wp\/v2\/pages"}],"about":[{"href":"https:\/\/apimiel.ch\/de\/wp-json\/wp\/v2\/types\/page"}],"author":[{"embeddable":true,"href":"https:\/\/apimiel.ch\/de\/wp-json\/wp\/v2\/users\/2"}],"replies":[{"embeddable":true,"href":"https:\/\/apimiel.ch\/de\/wp-json\/wp\/v2\/comments?post=1049"}],"version-history":[{"count":4,"href":"https:\/\/apimiel.ch\/de\/wp-json\/wp\/v2\/pages\/1049\/revisions"}],"predecessor-version":[{"id":1061,"href":"https:\/\/apimiel.ch\/de\/wp-json\/wp\/v2\/pages\/1049\/revisions\/1061"}],"wp:featuredmedia":[{"embeddable":true,"href":"https:\/\/apimiel.ch\/de\/wp-json\/wp\/v2\/media\/1038"}],"wp:attachment":[{"href":"https:\/\/apimiel.ch\/de\/wp-json\/wp\/v2\/media?parent=1049"}],"curies":[{"name":"wp","href":"https:\/\/api.w.org\/{rel}","templated":true}]}}